{"id":121,"date":"2025-07-02T15:26:59","date_gmt":"2025-07-02T15:26:59","guid":{"rendered":"https:\/\/jadzio.pl\/sklep\/?page_id=121"},"modified":"2025-07-08T12:07:16","modified_gmt":"2025-07-08T12:07:16","slug":"faq","status":"publish","type":"page","link":"https:\/\/jadzio.pl\/sklep\/index.php\/faq\/","title":{"rendered":"FAQ"},"content":{"rendered":"\n<p><strong>Anulowanie zam\u00f3wienia<\/strong><\/p>\n\n\n\n<p>Aby anulowa\u0107 zam\u00f3wienie nale\u017cy wys\u0142a\u0107 e-mail na adres kontakt@jadzio.pl z tytu\u0142em \u2018Anulowanie zam\u00f3wienia\u2019, a w jego tre\u015bci napisa\u0107 numer zam\u00f3wienia.<\/p>\n\n\n\n<p>Je\u015bli zam\u00f3wienie nie zosta\u0142o jeszcze wys\u0142ane, uzyskasz pe\u0142en zwrot pieni\u0119dzy.<\/p>\n\n\n\n<p>Je\u015bli zam\u00f3wienie zosta\u0142o wys\u0142ane, nale\u017cy na sw\u00f3j koszt wys\u0142a\u0107 produkty z powrotem. Po otrzymaniu przez nas produkt\u00f3w, zwr\u00f3cimy warto\u015b\u0107 produkt\u00f3w (koszt wysy\u0142ek nie zostanie zwr\u00f3cony).<\/p>\n\n\n\n<p><strong>Zmiana sposobu lub adresu wysy\u0142ki<\/strong><\/p>\n\n\n\n<p>Niestety na ten moment nie jeste\u015bmy w stanie zmieni\u0107 sposobu lub adresu wysy\u0142ki po z\u0142o\u017ceniu zam\u00f3wienia. Jedyn\u0105 opcj\u0105 jest anulowanie zam\u00f3wienia przed jego wys\u0142aniem i ponowne z\u0142o\u017cenie zam\u00f3wienia ze zmienionymi danymi.<\/p>\n\n\n\n<p><strong>Usuni\u0119cie produktu z zam\u00f3wienia<\/strong><\/p>\n\n\n\n<p>Aby usun\u0105\u0107 produkt z zam\u00f3wienia nale\u017cy wys\u0142a\u0107 e-mail na adres kontakt@jadzio.pl z tytu\u0142em \u2018Usuni\u0119cie produktu z zam\u00f3wienia\u2019, a w jego tre\u015bci napisa\u0107 numer zam\u00f3wienia i produkt, kt\u00f3ry nale\u017cy usun\u0105\u0107.<\/p>\n\n\n\n<p>Je\u015bli zam\u00f3wienie nie zosta\u0142o jeszcze wys\u0142ane, produkt zostanie odj\u0119ty z zam\u00f3wienia, a zwrot pieni\u0119dzy za dany produkt wys\u0142any.<\/p>\n\n\n\n<p>Je\u015bli zam\u00f3wienie zosta\u0142o wys\u0142ane, nale\u017cy na sw\u00f3j koszt wys\u0142a\u0107 produkt z powrotem. Po otrzymaniu przez nas produktu, zwr\u00f3cimy warto\u015b\u0107 produktu (koszt wysy\u0142ek nie zostanie zwr\u00f3cony).<\/p>\n\n\n\n<p><strong>Dodanie produktu do zam\u00f3wienia<\/strong><\/p>\n\n\n\n<p>Niestety na ten moment nie jeste\u015bmy w stanie dodawa\u0107 produkt\u00f3w do z\u0142o\u017conego zam\u00f3wienia. Jedyn\u0105 opcj\u0105 jest anulowanie zam\u00f3wienia przed jego wys\u0142aniem i ponowne z\u0142o\u017cenie zam\u00f3wienia ze zmienionymi danymi.<\/p>\n\n\n\n<p><strong>\u0141\u0105czenie zam\u00f3wie\u0144<\/strong><\/p>\n\n\n\n<p>Niestety na ten moment nie jeste\u015bmy w stanie \u0142\u0105czy\u0107 zam\u00f3wie\u0144.<\/p>\n\n\n\n<p><strong>Kiedy moje zam\u00f3wienie zostanie wys\u0142ane?<\/strong><\/p>\n\n\n\n<p>Zam\u00f3wienie zostanie wys\u0142ane w ci\u0105gu 7 dni roboczych od zaksi\u0119gowania p\u0142atno\u015bci za zam\u00f3wienie, chyba, \u017ce na stronie jednego z zam\u00f3wionych produkt\u00f3w oznaczono inny czas realizacji. Czytaj: <a href=\"https:\/\/jadzio.pl\/sklep\/index.php\/regulamin\/\"><strong>Regulamin<\/strong><\/a>.<\/p>\n\n\n\n<p><strong>Wybra\u0142em \u2018Odbi\u00f3r osobisty\u2019 gdzie i kiedy mog\u0119 przyjecha\u0107, aby odebra\u0107 zam\u00f3wienie?<\/strong><\/p>\n\n\n\n<p>ul. gen. T. Bora-Komorowskiego 15<\/p>\n\n\n\n<p>Bydgoszcz Fordon<\/p>\n\n\n\n<p>Jeste\u015bmy otwarci w dni robocze od 10:00 do 19:00.<\/p>\n\n\n\n<p><strong>Wybra\u0142em \u2018Odbi\u00f3r osobisty\u2019, jak d\u0142ugo moje zam\u00f3wienie b\u0119dzie czeka\u0107 na odbi\u00f3r?<\/strong><\/p>\n\n\n\n<p>Zam\u00f3wienie b\u0119dzie czeka\u0107 na odbi\u00f3r, przez nieograniczon\u0105 liczb\u0119 czasu.<\/p>\n\n\n\n<p><strong>Wysy\u0142ka za granic\u0119<\/strong><\/p>\n\n\n\n<p>Niestety na ten moment nie jeste\u015bmy w stanie wysy\u0142a\u0107 zam\u00f3wie\u0144 poza teren Polski.<\/p>\n\n\n\n<p><strong>Moje zam\u00f3wienie przysz\u0142o uszkodzone<\/strong><\/p>\n\n\n\n<p>Je\u015bli paczka w kt\u00f3rej przysz\u0142o zam\u00f3wienie zosta\u0142a uszkodzona w transporcie, nale\u017cy skontaktowa\u0107 si\u0119 z kurierem\/firm\u0105 kuriersk\u0105 i z ni\u0105 ustala\u0107 kwestie reklamacji.<\/p>\n\n\n\n<p>Je\u015bli paczka, w kt\u00f3rej przysz\u0142o zam\u00f3wienie, jest nieuszkodzona, a produkt uleg\u0142 uszkodzeniu, nale\u017cy wys\u0142a\u0107 e-mail na adres kontakt@jadzio.pl z tytu\u0142em \u2018Uszkodzony produkt\u2019, a w jego tre\u015bci napisa\u0107 numer zam\u00f3wienia, kt\u00f3ry produkt zosta\u0142 uszkodzony i zdj\u0119cia produktu oraz przesy\u0142ki. Ka\u017cda sytuacja b\u0119dzie rozpatrywana indywidualnie.<\/p>\n\n\n\n<p><strong>Brakuje produktu w moim zam\u00f3wieniu<\/strong><\/p>\n\n\n\n<p>Je\u015bli w otrzymanym zam\u00f3wieniu brakuje produktu, nale\u017cy wys\u0142a\u0107 e-mail na adres kontakt@jadzio.pl z tytu\u0142em \u2018Brakuj\u0105cy produkt\u2019, a w jego tre\u015bci napisa\u0107 numer zam\u00f3wienia i produkt kt\u00f3rego brakuje. Pakowanie pod okiem kamer pozwala na jednoznaczne odniesienie si\u0119 do ewentualnych zg\u0142osze\u0144. Ka\u017cda sytuacja b\u0119dzie rozpatrywana indywidualnie.<\/p>\n","protected":false},"excerpt":{"rendered":"<p>Anulowanie zam\u00f3wienia Aby anulowa\u0107 zam\u00f3wienie nale\u017cy wys\u0142a\u0107 e-mail na adres kontakt@jadzio.pl z tytu\u0142em \u2018Anulowanie zam\u00f3wienia\u2019, a w jego tre\u015bci napisa\u0107 numer zam\u00f3wienia. Je\u015bli zam\u00f3wienie nie zosta\u0142o jeszcze wys\u0142ane, uzyskasz pe\u0142en zwrot pieni\u0119dzy. Je\u015bli zam\u00f3wienie zosta\u0142o wys\u0142ane, nale\u017cy na sw\u00f3j koszt wys\u0142a\u0107 produkty z powrotem. Po otrzymaniu przez nas produkt\u00f3w, zwr\u00f3cimy warto\u015b\u0107 produkt\u00f3w (koszt wysy\u0142ek nie [&hellip;]<\/p>\n","protected":false},"author":1,"featured_media":0,"parent":0,"menu_order":0,"comment_status":"closed","ping_status":"closed","template":"","meta":{"footnotes":""},"class_list":["post-121","page","type-page","status-publish","hentry"],"yoast_head":"<!-- This site is optimized with the Yoast SEO plugin v27.4 - https:\/\/yoast.com\/product\/yoast-seo-wordpress\/ -->\n<title>FAQ - Jadzio - sklep<\/title>\n<meta name=\"description\" content=\"Odpowiedzi na najcz\u0119\u015bciej zadawane pytania - FAQ\" \/>\n<meta name=\"robots\" content=\"index, follow, max-snippet:-1, max-image-preview:large, max-video-preview:-1\" \/>\n<link rel=\"canonical\" href=\"https:\/\/jadzio.pl\/sklep\/index.php\/faq\/\" \/>\n<meta property=\"og:locale\" content=\"pl_PL\" \/>\n<meta property=\"og:type\" content=\"article\" \/>\n<meta property=\"og:title\" content=\"FAQ - Jadzio - sklep\" \/>\n<meta property=\"og:description\" content=\"Odpowiedzi na najcz\u0119\u015bciej zadawane pytania - FAQ\" \/>\n<meta property=\"og:url\" content=\"https:\/\/jadzio.pl\/sklep\/index.php\/faq\/\" \/>\n<meta property=\"og:site_name\" content=\"Jadzio - sklep\" \/>\n<meta property=\"article:modified_time\" content=\"2025-07-08T12:07:16+00:00\" \/>\n<meta name=\"twitter:card\" content=\"summary_large_image\" \/>\n<meta name=\"twitter:label1\" content=\"Szacowany czas czytania\" \/>\n\t<meta name=\"twitter:data1\" content=\"3 minuty\" \/>\n<script type=\"application\/ld+json\" class=\"yoast-schema-graph\">{\"@context\":\"https:\\\/\\\/schema.org\",\"@graph\":[{\"@type\":\"WebPage\",\"@id\":\"https:\\\/\\\/jadzio.pl\\\/sklep\\\/index.php\\\/faq\\\/\",\"url\":\"https:\\\/\\\/jadzio.pl\\\/sklep\\\/index.php\\\/faq\\\/\",\"name\":\"FAQ - Jadzio - sklep\",\"isPartOf\":{\"@id\":\"https:\\\/\\\/jadzio.pl\\\/sklep\\\/#website\"},\"datePublished\":\"2025-07-02T15:26:59+00:00\",\"dateModified\":\"2025-07-08T12:07:16+00:00\",\"description\":\"Odpowiedzi na najcz\u0119\u015bciej zadawane pytania - FAQ\",\"breadcrumb\":{\"@id\":\"https:\\\/\\\/jadzio.pl\\\/sklep\\\/index.php\\\/faq\\\/#breadcrumb\"},\"inLanguage\":\"pl-PL\",\"potentialAction\":[{\"@type\":\"ReadAction\",\"target\":[\"https:\\\/\\\/jadzio.pl\\\/sklep\\\/index.php\\\/faq\\\/\"]}]},{\"@type\":\"BreadcrumbList\",\"@id\":\"https:\\\/\\\/jadzio.pl\\\/sklep\\\/index.php\\\/faq\\\/#breadcrumb\",\"itemListElement\":[{\"@type\":\"ListItem\",\"position\":1,\"name\":\"Strona g\u0142\u00f3wna\",\"item\":\"https:\\\/\\\/jadzio.pl\\\/sklep\\\/\"},{\"@type\":\"ListItem\",\"position\":2,\"name\":\"FAQ\"}]},{\"@type\":\"WebSite\",\"@id\":\"https:\\\/\\\/jadzio.pl\\\/sklep\\\/#website\",\"url\":\"https:\\\/\\\/jadzio.pl\\\/sklep\\\/\",\"name\":\"Jadzio - sklep\",\"description\":\"\",\"publisher\":{\"@id\":\"https:\\\/\\\/jadzio.pl\\\/sklep\\\/#organization\"},\"potentialAction\":[{\"@type\":\"SearchAction\",\"target\":{\"@type\":\"EntryPoint\",\"urlTemplate\":\"https:\\\/\\\/jadzio.pl\\\/sklep\\\/?s={search_term_string}\"},\"query-input\":{\"@type\":\"PropertyValueSpecification\",\"valueRequired\":true,\"valueName\":\"search_term_string\"}}],\"inLanguage\":\"pl-PL\"},{\"@type\":\"Organization\",\"@id\":\"https:\\\/\\\/jadzio.pl\\\/sklep\\\/#organization\",\"name\":\"Jadzio - sklep\",\"url\":\"https:\\\/\\\/jadzio.pl\\\/sklep\\\/\",\"logo\":{\"@type\":\"ImageObject\",\"inLanguage\":\"pl-PL\",\"@id\":\"https:\\\/\\\/jadzio.pl\\\/sklep\\\/#\\\/schema\\\/logo\\\/image\\\/\",\"url\":\"https:\\\/\\\/jadzio.pl\\\/sklep\\\/wp-content\\\/uploads\\\/2025\\\/07\\\/jadzio.png\",\"contentUrl\":\"https:\\\/\\\/jadzio.pl\\\/sklep\\\/wp-content\\\/uploads\\\/2025\\\/07\\\/jadzio.png\",\"width\":2000,\"height\":2000,\"caption\":\"Jadzio - sklep\"},\"image\":{\"@id\":\"https:\\\/\\\/jadzio.pl\\\/sklep\\\/#\\\/schema\\\/logo\\\/image\\\/\"}}]}<\/script>\n<!-- \/ Yoast SEO plugin. -->","yoast_head_json":{"title":"FAQ - Jadzio - sklep","description":"Odpowiedzi na najcz\u0119\u015bciej zadawane pytania - FAQ","robots":{"index":"index","follow":"follow","max-snippet":"max-snippet:-1","max-image-preview":"max-image-preview:large","max-video-preview":"max-video-preview:-1"},"canonical":"https:\/\/jadzio.pl\/sklep\/index.php\/faq\/","og_locale":"pl_PL","og_type":"article","og_title":"FAQ - Jadzio - sklep","og_description":"Odpowiedzi na najcz\u0119\u015bciej zadawane pytania - FAQ","og_url":"https:\/\/jadzio.pl\/sklep\/index.php\/faq\/","og_site_name":"Jadzio - sklep","article_modified_time":"2025-07-08T12:07:16+00:00","twitter_card":"summary_large_image","twitter_misc":{"Szacowany czas czytania":"3 minuty"},"schema":{"@context":"https:\/\/schema.org","@graph":[{"@type":"WebPage","@id":"https:\/\/jadzio.pl\/sklep\/index.php\/faq\/","url":"https:\/\/jadzio.pl\/sklep\/index.php\/faq\/","name":"FAQ - Jadzio - sklep","isPartOf":{"@id":"https:\/\/jadzio.pl\/sklep\/#website"},"datePublished":"2025-07-02T15:26:59+00:00","dateModified":"2025-07-08T12:07:16+00:00","description":"Odpowiedzi na najcz\u0119\u015bciej zadawane pytania - FAQ","breadcrumb":{"@id":"https:\/\/jadzio.pl\/sklep\/index.php\/faq\/#breadcrumb"},"inLanguage":"pl-PL","potentialAction":[{"@type":"ReadAction","target":["https:\/\/jadzio.pl\/sklep\/index.php\/faq\/"]}]},{"@type":"BreadcrumbList","@id":"https:\/\/jadzio.pl\/sklep\/index.php\/faq\/#breadcrumb","itemListElement":[{"@type":"ListItem","position":1,"name":"Strona g\u0142\u00f3wna","item":"https:\/\/jadzio.pl\/sklep\/"},{"@type":"ListItem","position":2,"name":"FAQ"}]},{"@type":"WebSite","@id":"https:\/\/jadzio.pl\/sklep\/#website","url":"https:\/\/jadzio.pl\/sklep\/","name":"Jadzio - sklep","description":"","publisher":{"@id":"https:\/\/jadzio.pl\/sklep\/#organization"},"potentialAction":[{"@type":"SearchAction","target":{"@type":"EntryPoint","urlTemplate":"https:\/\/jadzio.pl\/sklep\/?s={search_term_string}"},"query-input":{"@type":"PropertyValueSpecification","valueRequired":true,"valueName":"search_term_string"}}],"inLanguage":"pl-PL"},{"@type":"Organization","@id":"https:\/\/jadzio.pl\/sklep\/#organization","name":"Jadzio - sklep","url":"https:\/\/jadzio.pl\/sklep\/","logo":{"@type":"ImageObject","inLanguage":"pl-PL","@id":"https:\/\/jadzio.pl\/sklep\/#\/schema\/logo\/image\/","url":"https:\/\/jadzio.pl\/sklep\/wp-content\/uploads\/2025\/07\/jadzio.png","contentUrl":"https:\/\/jadzio.pl\/sklep\/wp-content\/uploads\/2025\/07\/jadzio.png","width":2000,"height":2000,"caption":"Jadzio - sklep"},"image":{"@id":"https:\/\/jadzio.pl\/sklep\/#\/schema\/logo\/image\/"}}]}},"_links":{"self":[{"href":"https:\/\/jadzio.pl\/sklep\/index.php\/wp-json\/wp\/v2\/pages\/121","targetHints":{"allow":["GET"]}}],"collection":[{"href":"https:\/\/jadzio.pl\/sklep\/index.php\/wp-json\/wp\/v2\/pages"}],"about":[{"href":"https:\/\/jadzio.pl\/sklep\/index.php\/wp-json\/wp\/v2\/types\/page"}],"author":[{"embeddable":true,"href":"https:\/\/jadzio.pl\/sklep\/index.php\/wp-json\/wp\/v2\/users\/1"}],"replies":[{"embeddable":true,"href":"https:\/\/jadzio.pl\/sklep\/index.php\/wp-json\/wp\/v2\/comments?post=121"}],"version-history":[{"count":4,"href":"https:\/\/jadzio.pl\/sklep\/index.php\/wp-json\/wp\/v2\/pages\/121\/revisions"}],"predecessor-version":[{"id":348,"href":"https:\/\/jadzio.pl\/sklep\/index.php\/wp-json\/wp\/v2\/pages\/121\/revisions\/348"}],"wp:attachment":[{"href":"https:\/\/jadzio.pl\/sklep\/index.php\/wp-json\/wp\/v2\/media?parent=121"}],"curies":[{"name":"wp","href":"https:\/\/api.w.org\/{rel}","templated":true}]}}