{"id":1470,"date":"2025-10-09T17:48:07","date_gmt":"2025-10-09T17:48:07","guid":{"rendered":"https:\/\/jadzio.pl\/sklep\/?page_id=1470"},"modified":"2025-10-09T21:08:17","modified_gmt":"2025-10-09T21:08:17","slug":"jadzio-sklep","status":"publish","type":"page","link":"https:\/\/jadzio.pl\/sklep\/","title":{"rendered":"Jadzio &#8211; sklep"},"content":{"rendered":"\n<p class=\"has-text-align-center\">Zapoznaj si\u0119 z moj\u0105 unikaln\u0105 kolekcj\u0105. W ofercie:<code> <\/code>breloczki, naklejki, pluszaki, standee, piny, odznaki, printy, zawieszki, karty i wiele innych.<\/p>\n\n\n\n<p class=\"has-text-align-center\">Nawi\u0105zuj\u0119 do znanych Wam zapewne produkcji takich jak: Balatro, Hollow Knight, Cookie Run, Hazbin Hotel, Helluva Boss, Hades.<\/p>\n\n\n<form role=\"search\" method=\"get\" action=\"https:\/\/jadzio.pl\/sklep\/\" class=\"wp-block-search__button-outside wp-block-search__text-button wp-block-search\"    ><label class=\"wp-block-search__label screen-reader-text\" for=\"wp-block-search__input-1\" >Szukaj<\/label><div class=\"wp-block-search__inside-wrapper\" ><input class=\"wp-block-search__input\" id=\"wp-block-search__input-1\" placeholder=\"Szukaj produkt\u00f3w\u2026\" value=\"\" type=\"search\" name=\"s\" required \/><input type=\"hidden\" name=\"post_type\" value=\"product\" \/><button aria-label=\"Szukaj\" class=\"wp-block-search__button wp-element-button\" type=\"submit\" >Szukaj<\/button><\/div><\/form>\n\n\n<p class=\"has-text-align-center\">Wpisz nazw\u0119 lub szukaj wed\u0142ug kategorii poni\u017cej:<\/p>\n\n\n\n<div class=\"wp-block-group is-layout-grid wp-container-core-group-is-layout-5213af24 wp-block-group-is-layout-grid\" style=\"border-style:none;border-width:0px;border-radius:0px;min-height:0px;padding-top:0;padding-right:0;padding-bottom:0;padding-left:0;font-size:0rem\">\n<figure class=\"wp-block-image size-full is-style-default wp-container-content-22a8b0d6\"><img loading=\"lazy\" decoding=\"async\" width=\"817\" height=\"429\" src=\"https:\/\/jadzio.pl\/sklep\/wp-content\/uploads\/2025\/07\/button-OG.png\" alt=\"\" class=\"wp-image-185\" srcset=\"https:\/\/jadzio.pl\/sklep\/wp-content\/uploads\/2025\/07\/button-OG.png 817w, https:\/\/jadzio.pl\/sklep\/wp-content\/uploads\/2025\/07\/button-OG-300x158.png 300w, https:\/\/jadzio.pl\/sklep\/wp-content\/uploads\/2025\/07\/button-OG-768x403.png 768w, https:\/\/jadzio.pl\/sklep\/wp-content\/uploads\/2025\/07\/button-OG-600x315.png 600w\" sizes=\"auto, (max-width: 817px) 100vw, 817px\" \/><\/figure>\n\n\n\n<figure class=\"wp-block-image size-full\"><a href=\"https:\/\/jadzio.pl\/sklep\/index.php\/kategoria-produktu\/katalog\/gry\/cookierun\/\"><img loading=\"lazy\" decoding=\"async\" width=\"817\" height=\"429\" src=\"https:\/\/jadzio.pl\/sklep\/wp-content\/uploads\/2025\/07\/button-cookierun.png\" alt=\"\" class=\"wp-image-175\" srcset=\"https:\/\/jadzio.pl\/sklep\/wp-content\/uploads\/2025\/07\/button-cookierun.png 817w, https:\/\/jadzio.pl\/sklep\/wp-content\/uploads\/2025\/07\/button-cookierun-300x158.png 300w, https:\/\/jadzio.pl\/sklep\/wp-content\/uploads\/2025\/07\/button-cookierun-768x403.png 768w, https:\/\/jadzio.pl\/sklep\/wp-content\/uploads\/2025\/07\/button-cookierun-600x315.png 600w\" sizes=\"auto, (max-width: 817px) 100vw, 817px\" \/><\/a><\/figure>\n\n\n\n<figure class=\"wp-block-image size-full wp-container-content-22a8b0d6\"><a href=\"https:\/\/jadzio.pl\/sklep\/index.php\/kategoria-produktu\/katalog\/gry\/deltarune\/\"><img loading=\"lazy\" decoding=\"async\" width=\"817\" height=\"429\" src=\"https:\/\/jadzio.pl\/sklep\/wp-content\/uploads\/2025\/07\/button-dt.png\" alt=\"\" class=\"wp-image-176\" srcset=\"https:\/\/jadzio.pl\/sklep\/wp-content\/uploads\/2025\/07\/button-dt.png 817w, https:\/\/jadzio.pl\/sklep\/wp-content\/uploads\/2025\/07\/button-dt-300x158.png 300w, https:\/\/jadzio.pl\/sklep\/wp-content\/uploads\/2025\/07\/button-dt-768x403.png 768w, https:\/\/jadzio.pl\/sklep\/wp-content\/uploads\/2025\/07\/button-dt-600x315.png 600w\" sizes=\"auto, (max-width: 817px) 100vw, 817px\" \/><\/a><\/figure>\n\n\n\n<figure class=\"wp-block-image size-full wp-container-content-22a8b0d6\"><a href=\"https:\/\/jadzio.pl\/sklep\/index.php\/kategoria-produktu\/katalog\/gry\/balatro\/\"><img loading=\"lazy\" decoding=\"async\" width=\"817\" height=\"429\" src=\"https:\/\/jadzio.pl\/sklep\/wp-content\/uploads\/2025\/07\/button-balatro.png\" alt=\"\" class=\"wp-image-174\" srcset=\"https:\/\/jadzio.pl\/sklep\/wp-content\/uploads\/2025\/07\/button-balatro.png 817w, https:\/\/jadzio.pl\/sklep\/wp-content\/uploads\/2025\/07\/button-balatro-300x158.png 300w, https:\/\/jadzio.pl\/sklep\/wp-content\/uploads\/2025\/07\/button-balatro-768x403.png 768w, https:\/\/jadzio.pl\/sklep\/wp-content\/uploads\/2025\/07\/button-balatro-600x315.png 600w\" sizes=\"auto, (max-width: 817px) 100vw, 817px\" \/><\/a><\/figure>\n\n\n\n<figure class=\"wp-block-image size-full\"><a href=\"https:\/\/jadzio.pl\/sklep\/index.php\/kategoria-produktu\/katalog\/gry\/hades\/\"><img loading=\"lazy\" decoding=\"async\" width=\"817\" height=\"429\" src=\"https:\/\/jadzio.pl\/sklep\/wp-content\/uploads\/2025\/07\/button-hades.png\" alt=\"\" class=\"wp-image-179\" srcset=\"https:\/\/jadzio.pl\/sklep\/wp-content\/uploads\/2025\/07\/button-hades.png 817w, https:\/\/jadzio.pl\/sklep\/wp-content\/uploads\/2025\/07\/button-hades-300x158.png 300w, https:\/\/jadzio.pl\/sklep\/wp-content\/uploads\/2025\/07\/button-hades-768x403.png 768w, https:\/\/jadzio.pl\/sklep\/wp-content\/uploads\/2025\/07\/button-hades-600x315.png 600w\" sizes=\"auto, (max-width: 817px) 100vw, 817px\" \/><\/a><\/figure>\n\n\n\n<figure class=\"wp-block-image size-full wp-container-content-22a8b0d6\"><a href=\"https:\/\/jadzio.pl\/sklep\/index.php\/kategoria-produktu\/katalog\/filmy-seriale-animowane\/helluva-boss\/\"><img loading=\"lazy\" decoding=\"async\" width=\"817\" height=\"429\" src=\"https:\/\/jadzio.pl\/sklep\/wp-content\/uploads\/2025\/07\/button-hb.png\" alt=\"\" class=\"wp-image-180\" srcset=\"https:\/\/jadzio.pl\/sklep\/wp-content\/uploads\/2025\/07\/button-hb.png 817w, https:\/\/jadzio.pl\/sklep\/wp-content\/uploads\/2025\/07\/button-hb-300x158.png 300w, https:\/\/jadzio.pl\/sklep\/wp-content\/uploads\/2025\/07\/button-hb-768x403.png 768w, https:\/\/jadzio.pl\/sklep\/wp-content\/uploads\/2025\/07\/button-hb-600x315.png 600w\" sizes=\"auto, (max-width: 817px) 100vw, 817px\" \/><\/a><\/figure>\n\n\n\n<figure class=\"wp-block-image size-full\"><img loading=\"lazy\" decoding=\"async\" width=\"817\" height=\"429\" src=\"https:\/\/jadzio.pl\/sklep\/wp-content\/uploads\/2025\/07\/button-ew.png\" alt=\"\" class=\"wp-image-178\" srcset=\"https:\/\/jadzio.pl\/sklep\/wp-content\/uploads\/2025\/07\/button-ew.png 817w, https:\/\/jadzio.pl\/sklep\/wp-content\/uploads\/2025\/07\/button-ew-300x158.png 300w, https:\/\/jadzio.pl\/sklep\/wp-content\/uploads\/2025\/07\/button-ew-768x403.png 768w, https:\/\/jadzio.pl\/sklep\/wp-content\/uploads\/2025\/07\/button-ew-600x315.png 600w\" sizes=\"auto, (max-width: 817px) 100vw, 817px\" \/><\/figure>\n\n\n\n<figure class=\"wp-block-image size-full wp-container-content-22a8b0d6\"><a href=\"https:\/\/jadzio.pl\/sklep\/index.php\/kategoria-produktu\/katalog\/gry\/hollow-knight\/\"><img loading=\"lazy\" decoding=\"async\" width=\"817\" height=\"429\" src=\"https:\/\/jadzio.pl\/sklep\/wp-content\/uploads\/2025\/07\/button-hk.png\" alt=\"\" class=\"wp-image-184\" srcset=\"https:\/\/jadzio.pl\/sklep\/wp-content\/uploads\/2025\/07\/button-hk.png 817w, https:\/\/jadzio.pl\/sklep\/wp-content\/uploads\/2025\/07\/button-hk-300x158.png 300w, https:\/\/jadzio.pl\/sklep\/wp-content\/uploads\/2025\/07\/button-hk-768x403.png 768w, https:\/\/jadzio.pl\/sklep\/wp-content\/uploads\/2025\/07\/button-hk-600x315.png 600w\" sizes=\"auto, (max-width: 817px) 100vw, 817px\" \/><\/a><\/figure>\n\n\n\n<figure class=\"wp-block-image size-full wp-container-content-22a8b0d6\"><a href=\"https:\/\/jadzio.pl\/sklep\/index.php\/tag-produktu\/silksong\/\"><img loading=\"lazy\" decoding=\"async\" width=\"817\" height=\"429\" src=\"https:\/\/jadzio.pl\/sklep\/wp-content\/uploads\/2025\/07\/button-silksong.png\" alt=\"\" class=\"wp-image-390\" srcset=\"https:\/\/jadzio.pl\/sklep\/wp-content\/uploads\/2025\/07\/button-silksong.png 817w, https:\/\/jadzio.pl\/sklep\/wp-content\/uploads\/2025\/07\/button-silksong-300x158.png 300w, https:\/\/jadzio.pl\/sklep\/wp-content\/uploads\/2025\/07\/button-silksong-768x403.png 768w, https:\/\/jadzio.pl\/sklep\/wp-content\/uploads\/2025\/07\/button-silksong-600x315.png 600w\" sizes=\"auto, (max-width: 817px) 100vw, 817px\" \/><\/a><\/figure>\n\n\n\n<figure class=\"wp-block-image size-full\"><a href=\"https:\/\/jadzio.pl\/sklep\/index.php\/kategoria-produktu\/katalog\/filmy-seriale-animowane\/hazbin-hotel\/\"><img loading=\"lazy\" decoding=\"async\" width=\"817\" height=\"429\" src=\"https:\/\/jadzio.pl\/sklep\/wp-content\/uploads\/2025\/07\/button-hh.png\" alt=\"\" class=\"wp-image-182\" srcset=\"https:\/\/jadzio.pl\/sklep\/wp-content\/uploads\/2025\/07\/button-hh.png 817w, https:\/\/jadzio.pl\/sklep\/wp-content\/uploads\/2025\/07\/button-hh-300x158.png 300w, https:\/\/jadzio.pl\/sklep\/wp-content\/uploads\/2025\/07\/button-hh-768x403.png 768w, https:\/\/jadzio.pl\/sklep\/wp-content\/uploads\/2025\/07\/button-hh-600x315.png 600w\" sizes=\"auto, (max-width: 817px) 100vw, 817px\" \/><\/a><\/figure>\n\n\n\n<figure class=\"wp-block-image size-full wp-container-content-22a8b0d6\"><a href=\"https:\/\/jadzio.pl\/sklep\/index.php\/kategoria-produktu\/katalog\/pride-katalog\/\"><img loading=\"lazy\" decoding=\"async\" width=\"817\" height=\"429\" src=\"https:\/\/jadzio.pl\/sklep\/wp-content\/uploads\/2025\/07\/button-pride.png\" alt=\"\" class=\"wp-image-810\" srcset=\"https:\/\/jadzio.pl\/sklep\/wp-content\/uploads\/2025\/07\/button-pride.png 817w, https:\/\/jadzio.pl\/sklep\/wp-content\/uploads\/2025\/07\/button-pride-300x158.png 300w, https:\/\/jadzio.pl\/sklep\/wp-content\/uploads\/2025\/07\/button-pride-768x403.png 768w, https:\/\/jadzio.pl\/sklep\/wp-content\/uploads\/2025\/07\/button-pride-600x315.png 600w\" sizes=\"auto, (max-width: 817px) 100vw, 817px\" \/><\/a><\/figure>\n\n\n\n<figure class=\"wp-block-image size-full wp-container-content-22a8b0d6\"><a href=\"https:\/\/jadzio.pl\/sklep\/index.php\/kategoria-produktu\/katalog\/gry\/pokemon\/\"><img loading=\"lazy\" decoding=\"async\" width=\"817\" height=\"429\" src=\"https:\/\/jadzio.pl\/sklep\/wp-content\/uploads\/2025\/07\/button-pk.png\" alt=\"\" class=\"wp-image-392\" srcset=\"https:\/\/jadzio.pl\/sklep\/wp-content\/uploads\/2025\/07\/button-pk.png 817w, https:\/\/jadzio.pl\/sklep\/wp-content\/uploads\/2025\/07\/button-pk-300x158.png 300w, https:\/\/jadzio.pl\/sklep\/wp-content\/uploads\/2025\/07\/button-pk-768x403.png 768w, https:\/\/jadzio.pl\/sklep\/wp-content\/uploads\/2025\/07\/button-pk-600x315.png 600w\" sizes=\"auto, (max-width: 817px) 100vw, 817px\" \/><\/a><\/figure>\n<\/div>\n\n\n","protected":false},"excerpt":{"rendered":"<p>Zapoznaj si\u0119 z moj\u0105 unikaln\u0105 kolekcj\u0105. W ofercie: breloczki, naklejki, pluszaki, standee, piny, odznaki, printy, zawieszki, karty i wiele innych. Nawi\u0105zuj\u0119 do znanych Wam zapewne produkcji takich jak: Balatro, Hollow Knight, Cookie Run, Hazbin Hotel, Helluva Boss, Hades. Wpisz nazw\u0119 lub szukaj wed\u0142ug kategorii poni\u017cej:<\/p>\n","protected":false},"author":1,"featured_media":363,"parent":0,"menu_order":0,"comment_status":"closed","ping_status":"closed","template":"","meta":{"footnotes":""},"class_list":["post-1470","page","type-page","status-publish","has-post-thumbnail","hentry"],"yoast_head":"<!-- This site is optimized with the Yoast SEO plugin v27.4 - https:\/\/yoast.com\/product\/yoast-seo-wordpress\/ -->\n<title>Jadzio - sklep - Jadzio - sklep<\/title>\n<meta name=\"description\" content=\"Zapraszam do sklepu Jadzio. W ofercie: breloczki, naklejki, pluszaki, standee, piny, odznaki, printy, zawieszki, karty i wiele innych.\" \/>\n<meta name=\"robots\" content=\"index, follow, max-snippet:-1, max-image-preview:large, max-video-preview:-1\" \/>\n<link rel=\"canonical\" href=\"https:\/\/jadzio.pl\/sklep\/\" \/>\n<meta property=\"og:locale\" content=\"pl_PL\" \/>\n<meta property=\"og:type\" content=\"article\" \/>\n<meta property=\"og:title\" content=\"Jadzio - sklep - Jadzio - sklep\" \/>\n<meta property=\"og:description\" content=\"Zapraszam do sklepu Jadzio. W ofercie: breloczki, naklejki, pluszaki, standee, piny, odznaki, printy, zawieszki, karty i wiele innych.\" \/>\n<meta property=\"og:url\" content=\"https:\/\/jadzio.pl\/sklep\/\" \/>\n<meta property=\"og:site_name\" content=\"Jadzio - sklep\" \/>\n<meta property=\"article:modified_time\" content=\"2025-10-09T21:08:17+00:00\" \/>\n<meta property=\"og:image\" content=\"https:\/\/jadzio.pl\/sklep\/wp-content\/uploads\/2025\/07\/tlo_kat_gl-scaled.jpg\" \/>\n\t<meta property=\"og:image:width\" content=\"2560\" \/>\n\t<meta property=\"og:image:height\" content=\"1442\" \/>\n\t<meta property=\"og:image:type\" content=\"image\/jpeg\" \/>\n<meta name=\"twitter:card\" content=\"summary_large_image\" \/>\n<meta name=\"twitter:label1\" content=\"Szacowany czas czytania\" \/>\n\t<meta name=\"twitter:data1\" content=\"1 minuta\" \/>\n<script type=\"application\/ld+json\" class=\"yoast-schema-graph\">{\"@context\":\"https:\\\/\\\/schema.org\",\"@graph\":[{\"@type\":\"WebPage\",\"@id\":\"https:\\\/\\\/jadzio.pl\\\/sklep\\\/\",\"url\":\"https:\\\/\\\/jadzio.pl\\\/sklep\\\/\",\"name\":\"Jadzio - sklep - Jadzio - sklep\",\"isPartOf\":{\"@id\":\"https:\\\/\\\/jadzio.pl\\\/sklep\\\/#website\"},\"primaryImageOfPage\":{\"@id\":\"https:\\\/\\\/jadzio.pl\\\/sklep\\\/#primaryimage\"},\"image\":{\"@id\":\"https:\\\/\\\/jadzio.pl\\\/sklep\\\/#primaryimage\"},\"thumbnailUrl\":\"https:\\\/\\\/jadzio.pl\\\/sklep\\\/wp-content\\\/uploads\\\/2025\\\/07\\\/tlo_kat_gl-scaled.jpg\",\"datePublished\":\"2025-10-09T17:48:07+00:00\",\"dateModified\":\"2025-10-09T21:08:17+00:00\",\"description\":\"Zapraszam do sklepu Jadzio. W ofercie: breloczki, naklejki, pluszaki, standee, piny, odznaki, printy, zawieszki, karty i wiele innych.\",\"breadcrumb\":{\"@id\":\"https:\\\/\\\/jadzio.pl\\\/sklep\\\/#breadcrumb\"},\"inLanguage\":\"pl-PL\",\"potentialAction\":[{\"@type\":\"ReadAction\",\"target\":[\"https:\\\/\\\/jadzio.pl\\\/sklep\\\/\"]}]},{\"@type\":\"ImageObject\",\"inLanguage\":\"pl-PL\",\"@id\":\"https:\\\/\\\/jadzio.pl\\\/sklep\\\/#primaryimage\",\"url\":\"https:\\\/\\\/jadzio.pl\\\/sklep\\\/wp-content\\\/uploads\\\/2025\\\/07\\\/tlo_kat_gl-scaled.jpg\",\"contentUrl\":\"https:\\\/\\\/jadzio.pl\\\/sklep\\\/wp-content\\\/uploads\\\/2025\\\/07\\\/tlo_kat_gl-scaled.jpg\",\"width\":2560,\"height\":1442,\"caption\":\"Jadzio sklep - kategoria g\u0142\u00f3wna\"},{\"@type\":\"BreadcrumbList\",\"@id\":\"https:\\\/\\\/jadzio.pl\\\/sklep\\\/#breadcrumb\",\"itemListElement\":[{\"@type\":\"ListItem\",\"position\":1,\"name\":\"Strona g\u0142\u00f3wna\",\"item\":\"https:\\\/\\\/jadzio.pl\\\/sklep\\\/\"},{\"@type\":\"ListItem\",\"position\":2,\"name\":\"Jadzio &#8211; sklep\"}]},{\"@type\":\"WebSite\",\"@id\":\"https:\\\/\\\/jadzio.pl\\\/sklep\\\/#website\",\"url\":\"https:\\\/\\\/jadzio.pl\\\/sklep\\\/\",\"name\":\"Jadzio - sklep\",\"description\":\"\",\"publisher\":{\"@id\":\"https:\\\/\\\/jadzio.pl\\\/sklep\\\/#organization\"},\"potentialAction\":[{\"@type\":\"SearchAction\",\"target\":{\"@type\":\"EntryPoint\",\"urlTemplate\":\"https:\\\/\\\/jadzio.pl\\\/sklep\\\/?s={search_term_string}\"},\"query-input\":{\"@type\":\"PropertyValueSpecification\",\"valueRequired\":true,\"valueName\":\"search_term_string\"}}],\"inLanguage\":\"pl-PL\"},{\"@type\":\"Organization\",\"@id\":\"https:\\\/\\\/jadzio.pl\\\/sklep\\\/#organization\",\"name\":\"Jadzio - sklep\",\"url\":\"https:\\\/\\\/jadzio.pl\\\/sklep\\\/\",\"logo\":{\"@type\":\"ImageObject\",\"inLanguage\":\"pl-PL\",\"@id\":\"https:\\\/\\\/jadzio.pl\\\/sklep\\\/#\\\/schema\\\/logo\\\/image\\\/\",\"url\":\"https:\\\/\\\/jadzio.pl\\\/sklep\\\/wp-content\\\/uploads\\\/2025\\\/07\\\/jadzio.png\",\"contentUrl\":\"https:\\\/\\\/jadzio.pl\\\/sklep\\\/wp-content\\\/uploads\\\/2025\\\/07\\\/jadzio.png\",\"width\":2000,\"height\":2000,\"caption\":\"Jadzio - sklep\"},\"image\":{\"@id\":\"https:\\\/\\\/jadzio.pl\\\/sklep\\\/#\\\/schema\\\/logo\\\/image\\\/\"}}]}<\/script>\n<!-- \/ Yoast SEO plugin. -->","yoast_head_json":{"title":"Jadzio - sklep - Jadzio - sklep","description":"Zapraszam do sklepu Jadzio. W ofercie: breloczki, naklejki, pluszaki, standee, piny, odznaki, printy, zawieszki, karty i wiele innych.","robots":{"index":"index","follow":"follow","max-snippet":"max-snippet:-1","max-image-preview":"max-image-preview:large","max-video-preview":"max-video-preview:-1"},"canonical":"https:\/\/jadzio.pl\/sklep\/","og_locale":"pl_PL","og_type":"article","og_title":"Jadzio - sklep - Jadzio - sklep","og_description":"Zapraszam do sklepu Jadzio. W ofercie: breloczki, naklejki, pluszaki, standee, piny, odznaki, printy, zawieszki, karty i wiele innych.","og_url":"https:\/\/jadzio.pl\/sklep\/","og_site_name":"Jadzio - sklep","article_modified_time":"2025-10-09T21:08:17+00:00","og_image":[{"width":2560,"height":1442,"url":"https:\/\/jadzio.pl\/sklep\/wp-content\/uploads\/2025\/07\/tlo_kat_gl-scaled.jpg","type":"image\/jpeg"}],"twitter_card":"summary_large_image","twitter_misc":{"Szacowany czas czytania":"1 minuta"},"schema":{"@context":"https:\/\/schema.org","@graph":[{"@type":"WebPage","@id":"https:\/\/jadzio.pl\/sklep\/","url":"https:\/\/jadzio.pl\/sklep\/","name":"Jadzio - sklep - Jadzio - sklep","isPartOf":{"@id":"https:\/\/jadzio.pl\/sklep\/#website"},"primaryImageOfPage":{"@id":"https:\/\/jadzio.pl\/sklep\/#primaryimage"},"image":{"@id":"https:\/\/jadzio.pl\/sklep\/#primaryimage"},"thumbnailUrl":"https:\/\/jadzio.pl\/sklep\/wp-content\/uploads\/2025\/07\/tlo_kat_gl-scaled.jpg","datePublished":"2025-10-09T17:48:07+00:00","dateModified":"2025-10-09T21:08:17+00:00","description":"Zapraszam do sklepu Jadzio. W ofercie: breloczki, naklejki, pluszaki, standee, piny, odznaki, printy, zawieszki, karty i wiele innych.","breadcrumb":{"@id":"https:\/\/jadzio.pl\/sklep\/#breadcrumb"},"inLanguage":"pl-PL","potentialAction":[{"@type":"ReadAction","target":["https:\/\/jadzio.pl\/sklep\/"]}]},{"@type":"ImageObject","inLanguage":"pl-PL","@id":"https:\/\/jadzio.pl\/sklep\/#primaryimage","url":"https:\/\/jadzio.pl\/sklep\/wp-content\/uploads\/2025\/07\/tlo_kat_gl-scaled.jpg","contentUrl":"https:\/\/jadzio.pl\/sklep\/wp-content\/uploads\/2025\/07\/tlo_kat_gl-scaled.jpg","width":2560,"height":1442,"caption":"Jadzio sklep - kategoria g\u0142\u00f3wna"},{"@type":"BreadcrumbList","@id":"https:\/\/jadzio.pl\/sklep\/#breadcrumb","itemListElement":[{"@type":"ListItem","position":1,"name":"Strona g\u0142\u00f3wna","item":"https:\/\/jadzio.pl\/sklep\/"},{"@type":"ListItem","position":2,"name":"Jadzio &#8211; sklep"}]},{"@type":"WebSite","@id":"https:\/\/jadzio.pl\/sklep\/#website","url":"https:\/\/jadzio.pl\/sklep\/","name":"Jadzio - sklep","description":"","publisher":{"@id":"https:\/\/jadzio.pl\/sklep\/#organization"},"potentialAction":[{"@type":"SearchAction","target":{"@type":"EntryPoint","urlTemplate":"https:\/\/jadzio.pl\/sklep\/?s={search_term_string}"},"query-input":{"@type":"PropertyValueSpecification","valueRequired":true,"valueName":"search_term_string"}}],"inLanguage":"pl-PL"},{"@type":"Organization","@id":"https:\/\/jadzio.pl\/sklep\/#organization","name":"Jadzio - sklep","url":"https:\/\/jadzio.pl\/sklep\/","logo":{"@type":"ImageObject","inLanguage":"pl-PL","@id":"https:\/\/jadzio.pl\/sklep\/#\/schema\/logo\/image\/","url":"https:\/\/jadzio.pl\/sklep\/wp-content\/uploads\/2025\/07\/jadzio.png","contentUrl":"https:\/\/jadzio.pl\/sklep\/wp-content\/uploads\/2025\/07\/jadzio.png","width":2000,"height":2000,"caption":"Jadzio - sklep"},"image":{"@id":"https:\/\/jadzio.pl\/sklep\/#\/schema\/logo\/image\/"}}]}},"_links":{"self":[{"href":"https:\/\/jadzio.pl\/sklep\/index.php\/wp-json\/wp\/v2\/pages\/1470","targetHints":{"allow":["GET"]}}],"collection":[{"href":"https:\/\/jadzio.pl\/sklep\/index.php\/wp-json\/wp\/v2\/pages"}],"about":[{"href":"https:\/\/jadzio.pl\/sklep\/index.php\/wp-json\/wp\/v2\/types\/page"}],"author":[{"embeddable":true,"href":"https:\/\/jadzio.pl\/sklep\/index.php\/wp-json\/wp\/v2\/users\/1"}],"replies":[{"embeddable":true,"href":"https:\/\/jadzio.pl\/sklep\/index.php\/wp-json\/wp\/v2\/comments?post=1470"}],"version-history":[{"count":19,"href":"https:\/\/jadzio.pl\/sklep\/index.php\/wp-json\/wp\/v2\/pages\/1470\/revisions"}],"predecessor-version":[{"id":1516,"href":"https:\/\/jadzio.pl\/sklep\/index.php\/wp-json\/wp\/v2\/pages\/1470\/revisions\/1516"}],"wp:featuredmedia":[{"embeddable":true,"href":"https:\/\/jadzio.pl\/sklep\/index.php\/wp-json\/wp\/v2\/media\/363"}],"wp:attachment":[{"href":"https:\/\/jadzio.pl\/sklep\/index.php\/wp-json\/wp\/v2\/media?parent=1470"}],"curies":[{"name":"wp","href":"https:\/\/api.w.org\/{rel}","templated":true}]}}