{"id":1416,"date":"2025-09-08T15:34:31","date_gmt":"2025-09-08T15:34:31","guid":{"rendered":"https:\/\/jadzio.pl\/sklep\/?post_type=product&#038;p=1416"},"modified":"2025-09-08T15:34:32","modified_gmt":"2025-09-08T15:34:32","slug":"radiance-shaker-brelok","status":"publish","type":"product","link":"https:\/\/jadzio.pl\/sklep\/index.php\/produkt\/radiance-shaker-brelok\/","title":{"rendered":"Radiance shaker brelok"},"content":{"rendered":"<p>Radiance shaker brelok. Rozmiar breloka: 63.5mm. Uwaga: na akrylu znajduje si\u0119 ochronna warstwa plastikowa do odklejenia. Kolory mog\u0105 nieznacznie r\u00f3\u017cni\u0107 si\u0119 od kolor\u00f3w na ekranie.<\/p>\n<p>&nbsp;<\/p>\n<p>Je\u015bli jeste\u015b wielbicielem <a href=\"https:\/\/www.google.com\/search?gs_ssp=eJzj4tVP1zc0TKlIqUhPzyg0YPTizcjPyckvV8jOy0zPKAEAmMoKYA&amp;q=hollow+knight&amp;oq=&amp;gs_lcrp=EgZjaHJvbWUqCQgDEC4YJxjqAjIJCAAQLhgnGOoCMgkIARAjGCcY6gIyCQgCECMYJxjqAjIJCAMQLhgnGOoCMgkIBBAjGCcY6gIyCQgFECMYJxjqAjIJCAYQIxgnGOoCMgkIBxAjGCcY6gLSAQsxNDAxOTQwajBqN6gCCLACAfEFQ44eYseprOo&amp;sourceid=chrome&amp;ie=UTF-8\">Hollow Knight<\/a> polecamy Ci nasz\u0105 kategori\u0119 produkt\u00f3w powi\u0105zanych z t\u0105 tematyk\u0105:\u00a0<a href=\"https:\/\/jadzio.pl\/sklep\/index.php\/tag-produktu\/hollow-knight\/\">Hollow Knight<\/a>.<\/p>\n<p>Lubisz breloczki? Zapraszam do eksploracji dzia\u0142u mojego Jadzio sklepu w kategorii: <a href=\"https:\/\/jadzio.pl\/sklep\/index.php\/kategoria-produktu\/katalog\/breloczki\/\">breloczki<\/a>. Znajdziesz tam tak\u017ce breloki akrylowe (pojedyncze, podw\u00f3jne i wielosegmentowe).<\/p>\n","protected":false},"excerpt":{"rendered":"<p>Radiance shaker brelok. Rozmiar breloka: 63.5mm. Uwaga: na akrylu znajduje si\u0119 ochronna warstwa plastikowa do odklejenia. Kolory mog\u0105 nieznacznie r\u00f3\u017cni\u0107 si\u0119 od kolor\u00f3w na ekranie. &nbsp; Je\u015bli jeste\u015b wielbicielem Hollow Knight polecamy Ci nasz\u0105 kategori\u0119 produkt\u00f3w powi\u0105zanych z t\u0105 tematyk\u0105:\u00a0Hollow Knight. Lubisz breloczki? Zapraszam do eksploracji dzia\u0142u mojego Jadzio sklepu w kategorii: breloczki. Znajdziesz tam [&hellip;]<\/p>\n","protected":false},"featured_media":1360,"template":"","meta":[],"product_brand":[],"product_cat":[24,31,41,23,67],"product_tag":[26,68,43],"class_list":{"0":"post-1416","1":"product","2":"type-product","3":"status-publish","4":"has-post-thumbnail","6":"product_cat-breloczki","7":"product_cat-gry","8":"product_cat-hollow-knight","9":"product_cat-katalog","10":"product_cat-shaker","11":"product_tag-brelok","12":"product_tag-brelok-shaker","13":"product_tag-hollow-knight","15":"first","16":"instock","17":"shipping-taxable","18":"purchasable","19":"product-type-simple"},"yoast_head":"<!-- This site is optimized with the Yoast SEO plugin v27.4 - https:\/\/yoast.com\/product\/yoast-seo-wordpress\/ -->\n<title>Radiance shaker brelok - Jadzio - sklep<\/title>\n<meta name=\"description\" content=\"Radiance shaker brelok. Rozmiar breloka: 63.5mm. Uwaga: na akrylu znajduje si\u0119 ochronna warstwa plastikowa do odklejenia.\" \/>\n<meta name=\"robots\" content=\"index, follow, max-snippet:-1, max-image-preview:large, max-video-preview:-1\" \/>\n<link rel=\"canonical\" href=\"https:\/\/jadzio.pl\/sklep\/index.php\/produkt\/radiance-shaker-brelok\/\" \/>\n<meta property=\"og:locale\" content=\"pl_PL\" \/>\n<meta property=\"og:type\" content=\"article\" \/>\n<meta property=\"og:title\" content=\"Radiance shaker brelok - Jadzio - sklep\" \/>\n<meta property=\"og:description\" content=\"Radiance shaker brelok. Rozmiar breloka: 63.5mm. Uwaga: na akrylu znajduje si\u0119 ochronna warstwa plastikowa do odklejenia.\" \/>\n<meta property=\"og:url\" content=\"https:\/\/jadzio.pl\/sklep\/index.php\/produkt\/radiance-shaker-brelok\/\" \/>\n<meta property=\"og:site_name\" content=\"Jadzio - sklep\" \/>\n<meta property=\"article:modified_time\" content=\"2025-09-08T15:34:32+00:00\" \/>\n<meta property=\"og:image\" content=\"https:\/\/jadzio.pl\/sklep\/wp-content\/uploads\/2025\/09\/Keys_26_2.jpg\" \/>\n\t<meta property=\"og:image:width\" content=\"787\" \/>\n\t<meta property=\"og:image:height\" content=\"787\" \/>\n\t<meta property=\"og:image:type\" content=\"image\/jpeg\" \/>\n<meta name=\"twitter:card\" content=\"summary_large_image\" \/>\n<meta name=\"twitter:label1\" content=\"Szacowany czas czytania\" \/>\n\t<meta name=\"twitter:data1\" content=\"1 minuta\" \/>\n<script type=\"application\/ld+json\" class=\"yoast-schema-graph\">{\"@context\":\"https:\\\/\\\/schema.org\",\"@graph\":[{\"@type\":\"WebPage\",\"@id\":\"https:\\\/\\\/jadzio.pl\\\/sklep\\\/index.php\\\/produkt\\\/radiance-shaker-brelok\\\/\",\"url\":\"https:\\\/\\\/jadzio.pl\\\/sklep\\\/index.php\\\/produkt\\\/radiance-shaker-brelok\\\/\",\"name\":\"Radiance shaker brelok - Jadzio - sklep\",\"isPartOf\":{\"@id\":\"https:\\\/\\\/jadzio.pl\\\/sklep\\\/#website\"},\"primaryImageOfPage\":{\"@id\":\"https:\\\/\\\/jadzio.pl\\\/sklep\\\/index.php\\\/produkt\\\/radiance-shaker-brelok\\\/#primaryimage\"},\"image\":{\"@id\":\"https:\\\/\\\/jadzio.pl\\\/sklep\\\/index.php\\\/produkt\\\/radiance-shaker-brelok\\\/#primaryimage\"},\"thumbnailUrl\":\"https:\\\/\\\/jadzio.pl\\\/sklep\\\/wp-content\\\/uploads\\\/2025\\\/09\\\/Keys_26_2.jpg\",\"datePublished\":\"2025-09-08T15:34:31+00:00\",\"dateModified\":\"2025-09-08T15:34:32+00:00\",\"description\":\"Radiance shaker brelok. Rozmiar breloka: 63.5mm. Uwaga: na akrylu znajduje si\u0119 ochronna warstwa plastikowa do odklejenia.\",\"breadcrumb\":{\"@id\":\"https:\\\/\\\/jadzio.pl\\\/sklep\\\/index.php\\\/produkt\\\/radiance-shaker-brelok\\\/#breadcrumb\"},\"inLanguage\":\"pl-PL\",\"potentialAction\":[{\"@type\":\"ReadAction\",\"target\":[\"https:\\\/\\\/jadzio.pl\\\/sklep\\\/index.php\\\/produkt\\\/radiance-shaker-brelok\\\/\"]}]},{\"@type\":\"ImageObject\",\"inLanguage\":\"pl-PL\",\"@id\":\"https:\\\/\\\/jadzio.pl\\\/sklep\\\/index.php\\\/produkt\\\/radiance-shaker-brelok\\\/#primaryimage\",\"url\":\"https:\\\/\\\/jadzio.pl\\\/sklep\\\/wp-content\\\/uploads\\\/2025\\\/09\\\/Keys_26_2.jpg\",\"contentUrl\":\"https:\\\/\\\/jadzio.pl\\\/sklep\\\/wp-content\\\/uploads\\\/2025\\\/09\\\/Keys_26_2.jpg\",\"width\":787,\"height\":787,\"caption\":\"Radiance shaker brelok v2\"},{\"@type\":\"BreadcrumbList\",\"@id\":\"https:\\\/\\\/jadzio.pl\\\/sklep\\\/index.php\\\/produkt\\\/radiance-shaker-brelok\\\/#breadcrumb\",\"itemListElement\":[{\"@type\":\"ListItem\",\"position\":1,\"name\":\"Strona g\u0142\u00f3wna\",\"item\":\"https:\\\/\\\/jadzio.pl\\\/sklep\\\/\"},{\"@type\":\"ListItem\",\"position\":2,\"name\":\"Produkty\",\"item\":\"https:\\\/\\\/jadzio.pl\\\/sklep\\\/index.php\\\/sklep\\\/\"},{\"@type\":\"ListItem\",\"position\":3,\"name\":\"Radiance shaker brelok\"}]},{\"@type\":\"WebSite\",\"@id\":\"https:\\\/\\\/jadzio.pl\\\/sklep\\\/#website\",\"url\":\"https:\\\/\\\/jadzio.pl\\\/sklep\\\/\",\"name\":\"Jadzio - sklep\",\"description\":\"\",\"publisher\":{\"@id\":\"https:\\\/\\\/jadzio.pl\\\/sklep\\\/#organization\"},\"potentialAction\":[{\"@type\":\"SearchAction\",\"target\":{\"@type\":\"EntryPoint\",\"urlTemplate\":\"https:\\\/\\\/jadzio.pl\\\/sklep\\\/?s={search_term_string}\"},\"query-input\":{\"@type\":\"PropertyValueSpecification\",\"valueRequired\":true,\"valueName\":\"search_term_string\"}}],\"inLanguage\":\"pl-PL\"},{\"@type\":\"Organization\",\"@id\":\"https:\\\/\\\/jadzio.pl\\\/sklep\\\/#organization\",\"name\":\"Jadzio - sklep\",\"url\":\"https:\\\/\\\/jadzio.pl\\\/sklep\\\/\",\"logo\":{\"@type\":\"ImageObject\",\"inLanguage\":\"pl-PL\",\"@id\":\"https:\\\/\\\/jadzio.pl\\\/sklep\\\/#\\\/schema\\\/logo\\\/image\\\/\",\"url\":\"https:\\\/\\\/jadzio.pl\\\/sklep\\\/wp-content\\\/uploads\\\/2025\\\/07\\\/jadzio.png\",\"contentUrl\":\"https:\\\/\\\/jadzio.pl\\\/sklep\\\/wp-content\\\/uploads\\\/2025\\\/07\\\/jadzio.png\",\"width\":2000,\"height\":2000,\"caption\":\"Jadzio - sklep\"},\"image\":{\"@id\":\"https:\\\/\\\/jadzio.pl\\\/sklep\\\/#\\\/schema\\\/logo\\\/image\\\/\"}}]}<\/script>\n<!-- \/ Yoast SEO plugin. -->","yoast_head_json":{"title":"Radiance shaker brelok - Jadzio - sklep","description":"Radiance shaker brelok. Rozmiar breloka: 63.5mm. Uwaga: na akrylu znajduje si\u0119 ochronna warstwa plastikowa do odklejenia.","robots":{"index":"index","follow":"follow","max-snippet":"max-snippet:-1","max-image-preview":"max-image-preview:large","max-video-preview":"max-video-preview:-1"},"canonical":"https:\/\/jadzio.pl\/sklep\/index.php\/produkt\/radiance-shaker-brelok\/","og_locale":"pl_PL","og_type":"article","og_title":"Radiance shaker brelok - Jadzio - sklep","og_description":"Radiance shaker brelok. Rozmiar breloka: 63.5mm. Uwaga: na akrylu znajduje si\u0119 ochronna warstwa plastikowa do odklejenia.","og_url":"https:\/\/jadzio.pl\/sklep\/index.php\/produkt\/radiance-shaker-brelok\/","og_site_name":"Jadzio - sklep","article_modified_time":"2025-09-08T15:34:32+00:00","og_image":[{"width":787,"height":787,"url":"https:\/\/jadzio.pl\/sklep\/wp-content\/uploads\/2025\/09\/Keys_26_2.jpg","type":"image\/jpeg"}],"twitter_card":"summary_large_image","twitter_misc":{"Szacowany czas czytania":"1 minuta"},"schema":{"@context":"https:\/\/schema.org","@graph":[{"@type":"WebPage","@id":"https:\/\/jadzio.pl\/sklep\/index.php\/produkt\/radiance-shaker-brelok\/","url":"https:\/\/jadzio.pl\/sklep\/index.php\/produkt\/radiance-shaker-brelok\/","name":"Radiance shaker brelok - Jadzio - sklep","isPartOf":{"@id":"https:\/\/jadzio.pl\/sklep\/#website"},"primaryImageOfPage":{"@id":"https:\/\/jadzio.pl\/sklep\/index.php\/produkt\/radiance-shaker-brelok\/#primaryimage"},"image":{"@id":"https:\/\/jadzio.pl\/sklep\/index.php\/produkt\/radiance-shaker-brelok\/#primaryimage"},"thumbnailUrl":"https:\/\/jadzio.pl\/sklep\/wp-content\/uploads\/2025\/09\/Keys_26_2.jpg","datePublished":"2025-09-08T15:34:31+00:00","dateModified":"2025-09-08T15:34:32+00:00","description":"Radiance shaker brelok. Rozmiar breloka: 63.5mm. Uwaga: na akrylu znajduje si\u0119 ochronna warstwa plastikowa do odklejenia.","breadcrumb":{"@id":"https:\/\/jadzio.pl\/sklep\/index.php\/produkt\/radiance-shaker-brelok\/#breadcrumb"},"inLanguage":"pl-PL","potentialAction":[{"@type":"ReadAction","target":["https:\/\/jadzio.pl\/sklep\/index.php\/produkt\/radiance-shaker-brelok\/"]}]},{"@type":"ImageObject","inLanguage":"pl-PL","@id":"https:\/\/jadzio.pl\/sklep\/index.php\/produkt\/radiance-shaker-brelok\/#primaryimage","url":"https:\/\/jadzio.pl\/sklep\/wp-content\/uploads\/2025\/09\/Keys_26_2.jpg","contentUrl":"https:\/\/jadzio.pl\/sklep\/wp-content\/uploads\/2025\/09\/Keys_26_2.jpg","width":787,"height":787,"caption":"Radiance shaker brelok v2"},{"@type":"BreadcrumbList","@id":"https:\/\/jadzio.pl\/sklep\/index.php\/produkt\/radiance-shaker-brelok\/#breadcrumb","itemListElement":[{"@type":"ListItem","position":1,"name":"Strona g\u0142\u00f3wna","item":"https:\/\/jadzio.pl\/sklep\/"},{"@type":"ListItem","position":2,"name":"Produkty","item":"https:\/\/jadzio.pl\/sklep\/index.php\/sklep\/"},{"@type":"ListItem","position":3,"name":"Radiance shaker brelok"}]},{"@type":"WebSite","@id":"https:\/\/jadzio.pl\/sklep\/#website","url":"https:\/\/jadzio.pl\/sklep\/","name":"Jadzio - sklep","description":"","publisher":{"@id":"https:\/\/jadzio.pl\/sklep\/#organization"},"potentialAction":[{"@type":"SearchAction","target":{"@type":"EntryPoint","urlTemplate":"https:\/\/jadzio.pl\/sklep\/?s={search_term_string}"},"query-input":{"@type":"PropertyValueSpecification","valueRequired":true,"valueName":"search_term_string"}}],"inLanguage":"pl-PL"},{"@type":"Organization","@id":"https:\/\/jadzio.pl\/sklep\/#organization","name":"Jadzio - sklep","url":"https:\/\/jadzio.pl\/sklep\/","logo":{"@type":"ImageObject","inLanguage":"pl-PL","@id":"https:\/\/jadzio.pl\/sklep\/#\/schema\/logo\/image\/","url":"https:\/\/jadzio.pl\/sklep\/wp-content\/uploads\/2025\/07\/jadzio.png","contentUrl":"https:\/\/jadzio.pl\/sklep\/wp-content\/uploads\/2025\/07\/jadzio.png","width":2000,"height":2000,"caption":"Jadzio - sklep"},"image":{"@id":"https:\/\/jadzio.pl\/sklep\/#\/schema\/logo\/image\/"}}]}},"_links":{"self":[{"href":"https:\/\/jadzio.pl\/sklep\/index.php\/wp-json\/wp\/v2\/product\/1416","targetHints":{"allow":["GET"]}}],"collection":[{"href":"https:\/\/jadzio.pl\/sklep\/index.php\/wp-json\/wp\/v2\/product"}],"about":[{"href":"https:\/\/jadzio.pl\/sklep\/index.php\/wp-json\/wp\/v2\/types\/product"}],"wp:featuredmedia":[{"embeddable":true,"href":"https:\/\/jadzio.pl\/sklep\/index.php\/wp-json\/wp\/v2\/media\/1360"}],"wp:attachment":[{"href":"https:\/\/jadzio.pl\/sklep\/index.php\/wp-json\/wp\/v2\/media?parent=1416"}],"wp:term":[{"taxonomy":"product_brand","embeddable":true,"href":"https:\/\/jadzio.pl\/sklep\/index.php\/wp-json\/wp\/v2\/product_brand?post=1416"},{"taxonomy":"product_cat","embeddable":true,"href":"https:\/\/jadzio.pl\/sklep\/index.php\/wp-json\/wp\/v2\/product_cat?post=1416"},{"taxonomy":"product_tag","embeddable":true,"href":"https:\/\/jadzio.pl\/sklep\/index.php\/wp-json\/wp\/v2\/product_tag?post=1416"}],"curies":[{"name":"wp","href":"https:\/\/api.w.org\/{rel}","templated":true}]}}