{"id":1420,"date":"2025-09-08T15:48:51","date_gmt":"2025-09-08T15:48:51","guid":{"rendered":"https:\/\/jadzio.pl\/sklep\/?post_type=product&#038;p=1420"},"modified":"2025-09-08T15:48:52","modified_gmt":"2025-09-08T15:48:52","slug":"fun-gang-brelok-segmentowy","status":"publish","type":"product","link":"https:\/\/jadzio.pl\/sklep\/index.php\/produkt\/fun-gang-brelok-segmentowy\/","title":{"rendered":"Fun Gang brelok segmentowy"},"content":{"rendered":"<p>Fun Gang brelok segmentowy.<\/p>\n<p>Rozmiar akrylowych cz\u0119\u015bci: 50.8 mm.<\/p>\n<p>Na akrylu znajduje si\u0119 ochronna warstwa PCV do odklejenia.<\/p>\n<p>Nie jest to zabawka i nie jest odpowiednie dla dzieci.<\/p>\n<p>&nbsp;<\/p>\n<p>Je\u015bli jeste\u015b wielbicielem <a href=\"https:\/\/www.google.com\/search?gs_ssp=eJzj4tVP1zc0TEvPLqosKbc0YPTiTEnNKUksKs1LBQBw1QjO&amp;q=deltarune&amp;oq=delta&amp;gs_lcrp=EgZjaHJvbWUqCggCEC4YsQMYgAQyBggAEEUYPDITCAEQLhjHARixAxjJAxjRAxiABDIKCAIQLhixAxiABDIGCAMQRRg7MgYIBBBFGDsyBggFEEUYPDIGCAYQRRg8MgYIBxBFGDzSAQgzNDY3ajBqN6gCCLACAfEFFiLsxfHs-E_xBRYi7MXx7PhP&amp;sourceid=chrome&amp;ie=UTF-8\">Deltarune<\/a>? Polecamy Ci nasz\u0105 kategori\u0119 produkt\u00f3w powi\u0105zanych z t\u0105 tematyk\u0105: <a href=\"https:\/\/jadzio.pl\/sklep\/index.php\/kategoria-produktu\/katalog\/gry\/deltarune\/\">Deltarune<\/a>.<\/p>\n<p>Lubisz breloczki? Zapraszam do eksploracji dzia\u0142u mojego Jadzio sklepu w kategorii: <a href=\"https:\/\/jadzio.pl\/sklep\/index.php\/kategoria-produktu\/katalog\/breloczki\/\">breloczki<\/a>. Znajdziesz tam tak\u017ce breloki akrylowe (pojedyncze, podw\u00f3jne i wielosegmentowe). Mo\u017cna je nosi\u0107 jako ozdoby przy torebkach, plecakach i gdzie tylko chcesz i jak tylko lubisz.<\/p>\n","protected":false},"excerpt":{"rendered":"<p>Fun Gang brelok segmentowy. Rozmiar akrylowych cz\u0119\u015bci: 50.8 mm. Na akrylu znajduje si\u0119 ochronna warstwa PCV do odklejenia. Nie jest to zabawka i nie jest odpowiednie dla dzieci. &nbsp; Je\u015bli jeste\u015b wielbicielem Deltarune? Polecamy Ci nasz\u0105 kategori\u0119 produkt\u00f3w powi\u0105zanych z t\u0105 tematyk\u0105: Deltarune. Lubisz breloczki? Zapraszam do eksploracji dzia\u0142u mojego Jadzio sklepu w kategorii: breloczki. [&hellip;]<\/p>\n","protected":false},"featured_media":1362,"template":"","meta":[],"product_brand":[],"product_cat":[24,32,82,31,23],"product_tag":[26,60,83],"class_list":{"0":"post-1420","1":"product","2":"type-product","3":"status-publish","4":"has-post-thumbnail","6":"product_cat-breloczki","7":"product_cat-breloczki-segmentowe","8":"product_cat-deltarune","9":"product_cat-gry","10":"product_cat-katalog","11":"product_tag-brelok","12":"product_tag-brelok-na-telefon","13":"product_tag-deltarune","15":"first","16":"instock","17":"shipping-taxable","18":"purchasable","19":"product-type-simple"},"yoast_head":"<!-- This site is optimized with the Yoast SEO plugin v27.4 - https:\/\/yoast.com\/product\/yoast-seo-wordpress\/ -->\n<title>Fun Gang brelok segmentowy - Jadzio - sklep<\/title>\n<meta name=\"description\" content=\"Fun Gang brelok segmentowy. Rozmiar akrylowych cz\u0119\u015bci: 50.8 mm. Na akrylu znajduje si\u0119 ochronna warstwa PCV do odklejenia.\" \/>\n<meta name=\"robots\" content=\"index, follow, max-snippet:-1, max-image-preview:large, max-video-preview:-1\" \/>\n<link rel=\"canonical\" href=\"https:\/\/jadzio.pl\/sklep\/index.php\/produkt\/fun-gang-brelok-segmentowy\/\" \/>\n<meta property=\"og:locale\" content=\"pl_PL\" \/>\n<meta property=\"og:type\" content=\"article\" \/>\n<meta property=\"og:title\" content=\"Fun Gang brelok segmentowy - Jadzio - sklep\" \/>\n<meta property=\"og:description\" content=\"Fun Gang brelok segmentowy. Rozmiar akrylowych cz\u0119\u015bci: 50.8 mm. Na akrylu znajduje si\u0119 ochronna warstwa PCV do odklejenia.\" \/>\n<meta property=\"og:url\" content=\"https:\/\/jadzio.pl\/sklep\/index.php\/produkt\/fun-gang-brelok-segmentowy\/\" \/>\n<meta property=\"og:site_name\" content=\"Jadzio - sklep\" \/>\n<meta property=\"article:modified_time\" content=\"2025-09-08T15:48:52+00:00\" \/>\n<meta property=\"og:image\" content=\"https:\/\/jadzio.pl\/sklep\/wp-content\/uploads\/2025\/09\/Keys_27_1.jpg\" \/>\n\t<meta property=\"og:image:width\" content=\"787\" \/>\n\t<meta property=\"og:image:height\" content=\"787\" \/>\n\t<meta property=\"og:image:type\" content=\"image\/jpeg\" \/>\n<meta name=\"twitter:card\" content=\"summary_large_image\" \/>\n<meta name=\"twitter:label1\" content=\"Szacowany czas czytania\" \/>\n\t<meta name=\"twitter:data1\" content=\"1 minuta\" \/>\n<script type=\"application\/ld+json\" class=\"yoast-schema-graph\">{\"@context\":\"https:\\\/\\\/schema.org\",\"@graph\":[{\"@type\":\"WebPage\",\"@id\":\"https:\\\/\\\/jadzio.pl\\\/sklep\\\/index.php\\\/produkt\\\/fun-gang-brelok-segmentowy\\\/\",\"url\":\"https:\\\/\\\/jadzio.pl\\\/sklep\\\/index.php\\\/produkt\\\/fun-gang-brelok-segmentowy\\\/\",\"name\":\"Fun Gang brelok segmentowy - Jadzio - sklep\",\"isPartOf\":{\"@id\":\"https:\\\/\\\/jadzio.pl\\\/sklep\\\/#website\"},\"primaryImageOfPage\":{\"@id\":\"https:\\\/\\\/jadzio.pl\\\/sklep\\\/index.php\\\/produkt\\\/fun-gang-brelok-segmentowy\\\/#primaryimage\"},\"image\":{\"@id\":\"https:\\\/\\\/jadzio.pl\\\/sklep\\\/index.php\\\/produkt\\\/fun-gang-brelok-segmentowy\\\/#primaryimage\"},\"thumbnailUrl\":\"https:\\\/\\\/jadzio.pl\\\/sklep\\\/wp-content\\\/uploads\\\/2025\\\/09\\\/Keys_27_1.jpg\",\"datePublished\":\"2025-09-08T15:48:51+00:00\",\"dateModified\":\"2025-09-08T15:48:52+00:00\",\"description\":\"Fun Gang brelok segmentowy. Rozmiar akrylowych cz\u0119\u015bci: 50.8 mm. Na akrylu znajduje si\u0119 ochronna warstwa PCV do odklejenia.\",\"breadcrumb\":{\"@id\":\"https:\\\/\\\/jadzio.pl\\\/sklep\\\/index.php\\\/produkt\\\/fun-gang-brelok-segmentowy\\\/#breadcrumb\"},\"inLanguage\":\"pl-PL\",\"potentialAction\":[{\"@type\":\"ReadAction\",\"target\":[\"https:\\\/\\\/jadzio.pl\\\/sklep\\\/index.php\\\/produkt\\\/fun-gang-brelok-segmentowy\\\/\"]}]},{\"@type\":\"ImageObject\",\"inLanguage\":\"pl-PL\",\"@id\":\"https:\\\/\\\/jadzio.pl\\\/sklep\\\/index.php\\\/produkt\\\/fun-gang-brelok-segmentowy\\\/#primaryimage\",\"url\":\"https:\\\/\\\/jadzio.pl\\\/sklep\\\/wp-content\\\/uploads\\\/2025\\\/09\\\/Keys_27_1.jpg\",\"contentUrl\":\"https:\\\/\\\/jadzio.pl\\\/sklep\\\/wp-content\\\/uploads\\\/2025\\\/09\\\/Keys_27_1.jpg\",\"width\":787,\"height\":787,\"caption\":\"Fun Gang brelok segmentowy\"},{\"@type\":\"BreadcrumbList\",\"@id\":\"https:\\\/\\\/jadzio.pl\\\/sklep\\\/index.php\\\/produkt\\\/fun-gang-brelok-segmentowy\\\/#breadcrumb\",\"itemListElement\":[{\"@type\":\"ListItem\",\"position\":1,\"name\":\"Strona g\u0142\u00f3wna\",\"item\":\"https:\\\/\\\/jadzio.pl\\\/sklep\\\/\"},{\"@type\":\"ListItem\",\"position\":2,\"name\":\"Produkty\",\"item\":\"https:\\\/\\\/jadzio.pl\\\/sklep\\\/index.php\\\/sklep\\\/\"},{\"@type\":\"ListItem\",\"position\":3,\"name\":\"Fun Gang brelok segmentowy\"}]},{\"@type\":\"WebSite\",\"@id\":\"https:\\\/\\\/jadzio.pl\\\/sklep\\\/#website\",\"url\":\"https:\\\/\\\/jadzio.pl\\\/sklep\\\/\",\"name\":\"Jadzio - sklep\",\"description\":\"\",\"publisher\":{\"@id\":\"https:\\\/\\\/jadzio.pl\\\/sklep\\\/#organization\"},\"potentialAction\":[{\"@type\":\"SearchAction\",\"target\":{\"@type\":\"EntryPoint\",\"urlTemplate\":\"https:\\\/\\\/jadzio.pl\\\/sklep\\\/?s={search_term_string}\"},\"query-input\":{\"@type\":\"PropertyValueSpecification\",\"valueRequired\":true,\"valueName\":\"search_term_string\"}}],\"inLanguage\":\"pl-PL\"},{\"@type\":\"Organization\",\"@id\":\"https:\\\/\\\/jadzio.pl\\\/sklep\\\/#organization\",\"name\":\"Jadzio - sklep\",\"url\":\"https:\\\/\\\/jadzio.pl\\\/sklep\\\/\",\"logo\":{\"@type\":\"ImageObject\",\"inLanguage\":\"pl-PL\",\"@id\":\"https:\\\/\\\/jadzio.pl\\\/sklep\\\/#\\\/schema\\\/logo\\\/image\\\/\",\"url\":\"https:\\\/\\\/jadzio.pl\\\/sklep\\\/wp-content\\\/uploads\\\/2025\\\/07\\\/jadzio.png\",\"contentUrl\":\"https:\\\/\\\/jadzio.pl\\\/sklep\\\/wp-content\\\/uploads\\\/2025\\\/07\\\/jadzio.png\",\"width\":2000,\"height\":2000,\"caption\":\"Jadzio - sklep\"},\"image\":{\"@id\":\"https:\\\/\\\/jadzio.pl\\\/sklep\\\/#\\\/schema\\\/logo\\\/image\\\/\"}}]}<\/script>\n<!-- \/ Yoast SEO plugin. -->","yoast_head_json":{"title":"Fun Gang brelok segmentowy - Jadzio - sklep","description":"Fun Gang brelok segmentowy. Rozmiar akrylowych cz\u0119\u015bci: 50.8 mm. Na akrylu znajduje si\u0119 ochronna warstwa PCV do odklejenia.","robots":{"index":"index","follow":"follow","max-snippet":"max-snippet:-1","max-image-preview":"max-image-preview:large","max-video-preview":"max-video-preview:-1"},"canonical":"https:\/\/jadzio.pl\/sklep\/index.php\/produkt\/fun-gang-brelok-segmentowy\/","og_locale":"pl_PL","og_type":"article","og_title":"Fun Gang brelok segmentowy - Jadzio - sklep","og_description":"Fun Gang brelok segmentowy. Rozmiar akrylowych cz\u0119\u015bci: 50.8 mm. Na akrylu znajduje si\u0119 ochronna warstwa PCV do odklejenia.","og_url":"https:\/\/jadzio.pl\/sklep\/index.php\/produkt\/fun-gang-brelok-segmentowy\/","og_site_name":"Jadzio - sklep","article_modified_time":"2025-09-08T15:48:52+00:00","og_image":[{"width":787,"height":787,"url":"https:\/\/jadzio.pl\/sklep\/wp-content\/uploads\/2025\/09\/Keys_27_1.jpg","type":"image\/jpeg"}],"twitter_card":"summary_large_image","twitter_misc":{"Szacowany czas czytania":"1 minuta"},"schema":{"@context":"https:\/\/schema.org","@graph":[{"@type":"WebPage","@id":"https:\/\/jadzio.pl\/sklep\/index.php\/produkt\/fun-gang-brelok-segmentowy\/","url":"https:\/\/jadzio.pl\/sklep\/index.php\/produkt\/fun-gang-brelok-segmentowy\/","name":"Fun Gang brelok segmentowy - Jadzio - sklep","isPartOf":{"@id":"https:\/\/jadzio.pl\/sklep\/#website"},"primaryImageOfPage":{"@id":"https:\/\/jadzio.pl\/sklep\/index.php\/produkt\/fun-gang-brelok-segmentowy\/#primaryimage"},"image":{"@id":"https:\/\/jadzio.pl\/sklep\/index.php\/produkt\/fun-gang-brelok-segmentowy\/#primaryimage"},"thumbnailUrl":"https:\/\/jadzio.pl\/sklep\/wp-content\/uploads\/2025\/09\/Keys_27_1.jpg","datePublished":"2025-09-08T15:48:51+00:00","dateModified":"2025-09-08T15:48:52+00:00","description":"Fun Gang brelok segmentowy. Rozmiar akrylowych cz\u0119\u015bci: 50.8 mm. Na akrylu znajduje si\u0119 ochronna warstwa PCV do odklejenia.","breadcrumb":{"@id":"https:\/\/jadzio.pl\/sklep\/index.php\/produkt\/fun-gang-brelok-segmentowy\/#breadcrumb"},"inLanguage":"pl-PL","potentialAction":[{"@type":"ReadAction","target":["https:\/\/jadzio.pl\/sklep\/index.php\/produkt\/fun-gang-brelok-segmentowy\/"]}]},{"@type":"ImageObject","inLanguage":"pl-PL","@id":"https:\/\/jadzio.pl\/sklep\/index.php\/produkt\/fun-gang-brelok-segmentowy\/#primaryimage","url":"https:\/\/jadzio.pl\/sklep\/wp-content\/uploads\/2025\/09\/Keys_27_1.jpg","contentUrl":"https:\/\/jadzio.pl\/sklep\/wp-content\/uploads\/2025\/09\/Keys_27_1.jpg","width":787,"height":787,"caption":"Fun Gang brelok segmentowy"},{"@type":"BreadcrumbList","@id":"https:\/\/jadzio.pl\/sklep\/index.php\/produkt\/fun-gang-brelok-segmentowy\/#breadcrumb","itemListElement":[{"@type":"ListItem","position":1,"name":"Strona g\u0142\u00f3wna","item":"https:\/\/jadzio.pl\/sklep\/"},{"@type":"ListItem","position":2,"name":"Produkty","item":"https:\/\/jadzio.pl\/sklep\/index.php\/sklep\/"},{"@type":"ListItem","position":3,"name":"Fun Gang brelok segmentowy"}]},{"@type":"WebSite","@id":"https:\/\/jadzio.pl\/sklep\/#website","url":"https:\/\/jadzio.pl\/sklep\/","name":"Jadzio - sklep","description":"","publisher":{"@id":"https:\/\/jadzio.pl\/sklep\/#organization"},"potentialAction":[{"@type":"SearchAction","target":{"@type":"EntryPoint","urlTemplate":"https:\/\/jadzio.pl\/sklep\/?s={search_term_string}"},"query-input":{"@type":"PropertyValueSpecification","valueRequired":true,"valueName":"search_term_string"}}],"inLanguage":"pl-PL"},{"@type":"Organization","@id":"https:\/\/jadzio.pl\/sklep\/#organization","name":"Jadzio - sklep","url":"https:\/\/jadzio.pl\/sklep\/","logo":{"@type":"ImageObject","inLanguage":"pl-PL","@id":"https:\/\/jadzio.pl\/sklep\/#\/schema\/logo\/image\/","url":"https:\/\/jadzio.pl\/sklep\/wp-content\/uploads\/2025\/07\/jadzio.png","contentUrl":"https:\/\/jadzio.pl\/sklep\/wp-content\/uploads\/2025\/07\/jadzio.png","width":2000,"height":2000,"caption":"Jadzio - sklep"},"image":{"@id":"https:\/\/jadzio.pl\/sklep\/#\/schema\/logo\/image\/"}}]}},"_links":{"self":[{"href":"https:\/\/jadzio.pl\/sklep\/index.php\/wp-json\/wp\/v2\/product\/1420","targetHints":{"allow":["GET"]}}],"collection":[{"href":"https:\/\/jadzio.pl\/sklep\/index.php\/wp-json\/wp\/v2\/product"}],"about":[{"href":"https:\/\/jadzio.pl\/sklep\/index.php\/wp-json\/wp\/v2\/types\/product"}],"wp:featuredmedia":[{"embeddable":true,"href":"https:\/\/jadzio.pl\/sklep\/index.php\/wp-json\/wp\/v2\/media\/1362"}],"wp:attachment":[{"href":"https:\/\/jadzio.pl\/sklep\/index.php\/wp-json\/wp\/v2\/media?parent=1420"}],"wp:term":[{"taxonomy":"product_brand","embeddable":true,"href":"https:\/\/jadzio.pl\/sklep\/index.php\/wp-json\/wp\/v2\/product_brand?post=1420"},{"taxonomy":"product_cat","embeddable":true,"href":"https:\/\/jadzio.pl\/sklep\/index.php\/wp-json\/wp\/v2\/product_cat?post=1420"},{"taxonomy":"product_tag","embeddable":true,"href":"https:\/\/jadzio.pl\/sklep\/index.php\/wp-json\/wp\/v2\/product_tag?post=1420"}],"curies":[{"name":"wp","href":"https:\/\/api.w.org\/{rel}","templated":true}]}}