{"id":324,"date":"2025-07-07T17:00:13","date_gmt":"2025-07-07T17:00:13","guid":{"rendered":"https:\/\/jadzio.pl\/sklep\/?post_type=product&#038;p=324"},"modified":"2025-07-25T16:16:45","modified_gmt":"2025-07-25T16:16:45","slug":"balatro-joker-arkusz-naklejek-v3","status":"publish","type":"product","link":"https:\/\/jadzio.pl\/sklep\/index.php\/produkt\/balatro-joker-arkusz-naklejek-v3\/","title":{"rendered":"Balatro Joker arkusz naklejek v3"},"content":{"rendered":"<p>Balatro Joker arkusz naklejek v3.<\/p>\n<p>Rozmiar arkusza: 189 x 138mm.<\/p>\n<p>1 szt. arkusza naklejek winylowych, 16 element\u00f3w.<\/p>\n<p>Kolory mog\u0105 nieznacznie r\u00f3\u017cni\u0107 si\u0119 od kolor\u00f3w na ekranie.<\/p>\n<p>Tematyka: Balatro.<\/p>\n<p>&nbsp;<\/p>\n<p>Jeste\u015b fanem gry <a href=\"https:\/\/jadzio.pl\/sklep\/index.php\/kategoria-produktu\/katalog\/gry\/balatro\/\">Balatro<\/a>, a mo\u017ce generalnie ekscytuj\u0105 Ciebie gry karciane z motywem pokera? Uwaga: bywaj\u0105 niezwykle wci\u0105gaj\u0105ce ;). Mot\u0119\u017cne synergiczne zagrania to Tw\u00f3j styl, a mo\u017ce dopiero poznajesz tajniki gry? W moim sklepie wi\u0119cej zwi\u0105zanych z gr\u0105 Balatro gad\u017cet\u00f3w.<\/p>\n<p>Zapoznaj si\u0119 tak\u017ce z wszystkimi oferowanymi przez Jadzio sklep <a href=\"https:\/\/jadzio.pl\/sklep\/index.php\/kategoria-produktu\/katalog\/naklejki-katalog\/\">naklejkami<\/a>, napewno znajdziesz co\u015b dla siebie. W ofercie tak\u017ce pojedyncze karty typu Joker w ciekawej kolorystyce, z\u0142ocone lub mieni\u0105ce si\u0119 kolorami t\u0119czy.<\/p>\n<p>Pami\u0119taj naklejki nie s\u0105 przeznaczone dla dzieci.<\/p>\n","protected":false},"excerpt":{"rendered":"<p>Balatro Joker arkusz naklejek v3.<\/p>\n<p>Rozmiar arkusza: 189 x 138mm.<\/p>\n<p>1 szt. arkusza naklejek winylowych, 16 element\u00f3w.<\/p>\n<p>Kolory mog\u0105 nieznacznie r\u00f3\u017cni\u0107 si\u0119 od kolor\u00f3w na ekranie.<\/p>\n<p>Tematyka: Balatro.<\/p>\n","protected":false},"featured_media":309,"template":"","meta":[],"product_brand":[],"product_cat":[71,75,31,23,70],"product_tag":[74,72,73],"class_list":{"0":"post-324","1":"product","2":"type-product","3":"status-publish","4":"has-post-thumbnail","6":"product_cat-arkusz-naklejek","7":"product_cat-balatro","8":"product_cat-gry","9":"product_cat-katalog","10":"product_cat-naklejki-katalog","11":"product_tag-arkusz-naklejek","12":"product_tag-balatro","13":"product_tag-naklejki","15":"first","16":"instock","17":"shipping-taxable","18":"purchasable","19":"product-type-simple"},"yoast_head":"<!-- This site is optimized with the Yoast SEO plugin v27.4 - https:\/\/yoast.com\/product\/yoast-seo-wordpress\/ -->\n<title>Balatro Joker arkusz naklejek v3 - Jadzio - sklep<\/title>\n<meta name=\"description\" content=\"Balatro Joker arkusz naklejek v3. Rozmiar arkusza winylowego: 189x138mm. Kolory mog\u0105 nieznacznie r\u00f3\u017cni\u0107 si\u0119 od kolor\u00f3w na ekranie. 16 element\u00f3w\" \/>\n<meta name=\"robots\" content=\"index, follow, max-snippet:-1, max-image-preview:large, max-video-preview:-1\" \/>\n<link rel=\"canonical\" href=\"https:\/\/jadzio.pl\/sklep\/index.php\/produkt\/balatro-joker-arkusz-naklejek-v3\/\" \/>\n<meta property=\"og:locale\" content=\"pl_PL\" \/>\n<meta property=\"og:type\" content=\"article\" \/>\n<meta property=\"og:title\" content=\"Balatro Joker arkusz naklejek v3 - Jadzio - sklep\" \/>\n<meta property=\"og:description\" content=\"Balatro Joker arkusz naklejek v3. Rozmiar arkusza winylowego: 189x138mm. Kolory mog\u0105 nieznacznie r\u00f3\u017cni\u0107 si\u0119 od kolor\u00f3w na ekranie. 16 element\u00f3w\" \/>\n<meta property=\"og:url\" content=\"https:\/\/jadzio.pl\/sklep\/index.php\/produkt\/balatro-joker-arkusz-naklejek-v3\/\" \/>\n<meta property=\"og:site_name\" content=\"Jadzio - sklep\" \/>\n<meta property=\"article:modified_time\" content=\"2025-07-25T16:16:45+00:00\" \/>\n<meta property=\"og:image\" content=\"https:\/\/jadzio.pl\/sklep\/wp-content\/uploads\/2025\/07\/3-759x1024.jpg\" \/>\n\t<meta property=\"og:image:width\" content=\"759\" \/>\n\t<meta property=\"og:image:height\" content=\"1024\" \/>\n\t<meta property=\"og:image:type\" content=\"image\/jpeg\" \/>\n<meta name=\"twitter:card\" content=\"summary_large_image\" \/>\n<meta name=\"twitter:label1\" content=\"Szacowany czas czytania\" \/>\n\t<meta name=\"twitter:data1\" content=\"1 minuta\" \/>\n<script type=\"application\/ld+json\" class=\"yoast-schema-graph\">{\"@context\":\"https:\\\/\\\/schema.org\",\"@graph\":[{\"@type\":\"WebPage\",\"@id\":\"https:\\\/\\\/jadzio.pl\\\/sklep\\\/index.php\\\/produkt\\\/balatro-joker-arkusz-naklejek-v3\\\/\",\"url\":\"https:\\\/\\\/jadzio.pl\\\/sklep\\\/index.php\\\/produkt\\\/balatro-joker-arkusz-naklejek-v3\\\/\",\"name\":\"Balatro Joker arkusz naklejek v3 - Jadzio - sklep\",\"isPartOf\":{\"@id\":\"https:\\\/\\\/jadzio.pl\\\/sklep\\\/#website\"},\"primaryImageOfPage\":{\"@id\":\"https:\\\/\\\/jadzio.pl\\\/sklep\\\/index.php\\\/produkt\\\/balatro-joker-arkusz-naklejek-v3\\\/#primaryimage\"},\"image\":{\"@id\":\"https:\\\/\\\/jadzio.pl\\\/sklep\\\/index.php\\\/produkt\\\/balatro-joker-arkusz-naklejek-v3\\\/#primaryimage\"},\"thumbnailUrl\":\"https:\\\/\\\/jadzio.pl\\\/sklep\\\/wp-content\\\/uploads\\\/2025\\\/07\\\/3.jpg\",\"datePublished\":\"2025-07-07T17:00:13+00:00\",\"dateModified\":\"2025-07-25T16:16:45+00:00\",\"description\":\"Balatro Joker arkusz naklejek v3. Rozmiar arkusza winylowego: 189x138mm. Kolory mog\u0105 nieznacznie r\u00f3\u017cni\u0107 si\u0119 od kolor\u00f3w na ekranie. 16 element\u00f3w\",\"breadcrumb\":{\"@id\":\"https:\\\/\\\/jadzio.pl\\\/sklep\\\/index.php\\\/produkt\\\/balatro-joker-arkusz-naklejek-v3\\\/#breadcrumb\"},\"inLanguage\":\"pl-PL\",\"potentialAction\":[{\"@type\":\"ReadAction\",\"target\":[\"https:\\\/\\\/jadzio.pl\\\/sklep\\\/index.php\\\/produkt\\\/balatro-joker-arkusz-naklejek-v3\\\/\"]}]},{\"@type\":\"ImageObject\",\"inLanguage\":\"pl-PL\",\"@id\":\"https:\\\/\\\/jadzio.pl\\\/sklep\\\/index.php\\\/produkt\\\/balatro-joker-arkusz-naklejek-v3\\\/#primaryimage\",\"url\":\"https:\\\/\\\/jadzio.pl\\\/sklep\\\/wp-content\\\/uploads\\\/2025\\\/07\\\/3.jpg\",\"contentUrl\":\"https:\\\/\\\/jadzio.pl\\\/sklep\\\/wp-content\\\/uploads\\\/2025\\\/07\\\/3.jpg\",\"width\":1648,\"height\":2222,\"caption\":\"Balatro Joker arkusz naklejek v3\"},{\"@type\":\"BreadcrumbList\",\"@id\":\"https:\\\/\\\/jadzio.pl\\\/sklep\\\/index.php\\\/produkt\\\/balatro-joker-arkusz-naklejek-v3\\\/#breadcrumb\",\"itemListElement\":[{\"@type\":\"ListItem\",\"position\":1,\"name\":\"Strona g\u0142\u00f3wna\",\"item\":\"https:\\\/\\\/jadzio.pl\\\/sklep\\\/\"},{\"@type\":\"ListItem\",\"position\":2,\"name\":\"Produkty\",\"item\":\"https:\\\/\\\/jadzio.pl\\\/sklep\\\/index.php\\\/sklep\\\/\"},{\"@type\":\"ListItem\",\"position\":3,\"name\":\"Balatro Joker arkusz naklejek v3\"}]},{\"@type\":\"WebSite\",\"@id\":\"https:\\\/\\\/jadzio.pl\\\/sklep\\\/#website\",\"url\":\"https:\\\/\\\/jadzio.pl\\\/sklep\\\/\",\"name\":\"Jadzio - sklep\",\"description\":\"\",\"publisher\":{\"@id\":\"https:\\\/\\\/jadzio.pl\\\/sklep\\\/#organization\"},\"potentialAction\":[{\"@type\":\"SearchAction\",\"target\":{\"@type\":\"EntryPoint\",\"urlTemplate\":\"https:\\\/\\\/jadzio.pl\\\/sklep\\\/?s={search_term_string}\"},\"query-input\":{\"@type\":\"PropertyValueSpecification\",\"valueRequired\":true,\"valueName\":\"search_term_string\"}}],\"inLanguage\":\"pl-PL\"},{\"@type\":\"Organization\",\"@id\":\"https:\\\/\\\/jadzio.pl\\\/sklep\\\/#organization\",\"name\":\"Jadzio - sklep\",\"url\":\"https:\\\/\\\/jadzio.pl\\\/sklep\\\/\",\"logo\":{\"@type\":\"ImageObject\",\"inLanguage\":\"pl-PL\",\"@id\":\"https:\\\/\\\/jadzio.pl\\\/sklep\\\/#\\\/schema\\\/logo\\\/image\\\/\",\"url\":\"https:\\\/\\\/jadzio.pl\\\/sklep\\\/wp-content\\\/uploads\\\/2025\\\/07\\\/jadzio.png\",\"contentUrl\":\"https:\\\/\\\/jadzio.pl\\\/sklep\\\/wp-content\\\/uploads\\\/2025\\\/07\\\/jadzio.png\",\"width\":2000,\"height\":2000,\"caption\":\"Jadzio - sklep\"},\"image\":{\"@id\":\"https:\\\/\\\/jadzio.pl\\\/sklep\\\/#\\\/schema\\\/logo\\\/image\\\/\"}}]}<\/script>\n<!-- \/ Yoast SEO plugin. -->","yoast_head_json":{"title":"Balatro Joker arkusz naklejek v3 - Jadzio - sklep","description":"Balatro Joker arkusz naklejek v3. Rozmiar arkusza winylowego: 189x138mm. Kolory mog\u0105 nieznacznie r\u00f3\u017cni\u0107 si\u0119 od kolor\u00f3w na ekranie. 16 element\u00f3w","robots":{"index":"index","follow":"follow","max-snippet":"max-snippet:-1","max-image-preview":"max-image-preview:large","max-video-preview":"max-video-preview:-1"},"canonical":"https:\/\/jadzio.pl\/sklep\/index.php\/produkt\/balatro-joker-arkusz-naklejek-v3\/","og_locale":"pl_PL","og_type":"article","og_title":"Balatro Joker arkusz naklejek v3 - Jadzio - sklep","og_description":"Balatro Joker arkusz naklejek v3. Rozmiar arkusza winylowego: 189x138mm. Kolory mog\u0105 nieznacznie r\u00f3\u017cni\u0107 si\u0119 od kolor\u00f3w na ekranie. 16 element\u00f3w","og_url":"https:\/\/jadzio.pl\/sklep\/index.php\/produkt\/balatro-joker-arkusz-naklejek-v3\/","og_site_name":"Jadzio - sklep","article_modified_time":"2025-07-25T16:16:45+00:00","og_image":[{"width":759,"height":1024,"url":"https:\/\/jadzio.pl\/sklep\/wp-content\/uploads\/2025\/07\/3-759x1024.jpg","type":"image\/jpeg"}],"twitter_card":"summary_large_image","twitter_misc":{"Szacowany czas czytania":"1 minuta"},"schema":{"@context":"https:\/\/schema.org","@graph":[{"@type":"WebPage","@id":"https:\/\/jadzio.pl\/sklep\/index.php\/produkt\/balatro-joker-arkusz-naklejek-v3\/","url":"https:\/\/jadzio.pl\/sklep\/index.php\/produkt\/balatro-joker-arkusz-naklejek-v3\/","name":"Balatro Joker arkusz naklejek v3 - Jadzio - sklep","isPartOf":{"@id":"https:\/\/jadzio.pl\/sklep\/#website"},"primaryImageOfPage":{"@id":"https:\/\/jadzio.pl\/sklep\/index.php\/produkt\/balatro-joker-arkusz-naklejek-v3\/#primaryimage"},"image":{"@id":"https:\/\/jadzio.pl\/sklep\/index.php\/produkt\/balatro-joker-arkusz-naklejek-v3\/#primaryimage"},"thumbnailUrl":"https:\/\/jadzio.pl\/sklep\/wp-content\/uploads\/2025\/07\/3.jpg","datePublished":"2025-07-07T17:00:13+00:00","dateModified":"2025-07-25T16:16:45+00:00","description":"Balatro Joker arkusz naklejek v3. Rozmiar arkusza winylowego: 189x138mm. Kolory mog\u0105 nieznacznie r\u00f3\u017cni\u0107 si\u0119 od kolor\u00f3w na ekranie. 16 element\u00f3w","breadcrumb":{"@id":"https:\/\/jadzio.pl\/sklep\/index.php\/produkt\/balatro-joker-arkusz-naklejek-v3\/#breadcrumb"},"inLanguage":"pl-PL","potentialAction":[{"@type":"ReadAction","target":["https:\/\/jadzio.pl\/sklep\/index.php\/produkt\/balatro-joker-arkusz-naklejek-v3\/"]}]},{"@type":"ImageObject","inLanguage":"pl-PL","@id":"https:\/\/jadzio.pl\/sklep\/index.php\/produkt\/balatro-joker-arkusz-naklejek-v3\/#primaryimage","url":"https:\/\/jadzio.pl\/sklep\/wp-content\/uploads\/2025\/07\/3.jpg","contentUrl":"https:\/\/jadzio.pl\/sklep\/wp-content\/uploads\/2025\/07\/3.jpg","width":1648,"height":2222,"caption":"Balatro Joker arkusz naklejek v3"},{"@type":"BreadcrumbList","@id":"https:\/\/jadzio.pl\/sklep\/index.php\/produkt\/balatro-joker-arkusz-naklejek-v3\/#breadcrumb","itemListElement":[{"@type":"ListItem","position":1,"name":"Strona g\u0142\u00f3wna","item":"https:\/\/jadzio.pl\/sklep\/"},{"@type":"ListItem","position":2,"name":"Produkty","item":"https:\/\/jadzio.pl\/sklep\/index.php\/sklep\/"},{"@type":"ListItem","position":3,"name":"Balatro Joker arkusz naklejek v3"}]},{"@type":"WebSite","@id":"https:\/\/jadzio.pl\/sklep\/#website","url":"https:\/\/jadzio.pl\/sklep\/","name":"Jadzio - sklep","description":"","publisher":{"@id":"https:\/\/jadzio.pl\/sklep\/#organization"},"potentialAction":[{"@type":"SearchAction","target":{"@type":"EntryPoint","urlTemplate":"https:\/\/jadzio.pl\/sklep\/?s={search_term_string}"},"query-input":{"@type":"PropertyValueSpecification","valueRequired":true,"valueName":"search_term_string"}}],"inLanguage":"pl-PL"},{"@type":"Organization","@id":"https:\/\/jadzio.pl\/sklep\/#organization","name":"Jadzio - sklep","url":"https:\/\/jadzio.pl\/sklep\/","logo":{"@type":"ImageObject","inLanguage":"pl-PL","@id":"https:\/\/jadzio.pl\/sklep\/#\/schema\/logo\/image\/","url":"https:\/\/jadzio.pl\/sklep\/wp-content\/uploads\/2025\/07\/jadzio.png","contentUrl":"https:\/\/jadzio.pl\/sklep\/wp-content\/uploads\/2025\/07\/jadzio.png","width":2000,"height":2000,"caption":"Jadzio - sklep"},"image":{"@id":"https:\/\/jadzio.pl\/sklep\/#\/schema\/logo\/image\/"}}]}},"_links":{"self":[{"href":"https:\/\/jadzio.pl\/sklep\/index.php\/wp-json\/wp\/v2\/product\/324","targetHints":{"allow":["GET"]}}],"collection":[{"href":"https:\/\/jadzio.pl\/sklep\/index.php\/wp-json\/wp\/v2\/product"}],"about":[{"href":"https:\/\/jadzio.pl\/sklep\/index.php\/wp-json\/wp\/v2\/types\/product"}],"wp:featuredmedia":[{"embeddable":true,"href":"https:\/\/jadzio.pl\/sklep\/index.php\/wp-json\/wp\/v2\/media\/309"}],"wp:attachment":[{"href":"https:\/\/jadzio.pl\/sklep\/index.php\/wp-json\/wp\/v2\/media?parent=324"}],"wp:term":[{"taxonomy":"product_brand","embeddable":true,"href":"https:\/\/jadzio.pl\/sklep\/index.php\/wp-json\/wp\/v2\/product_brand?post=324"},{"taxonomy":"product_cat","embeddable":true,"href":"https:\/\/jadzio.pl\/sklep\/index.php\/wp-json\/wp\/v2\/product_cat?post=324"},{"taxonomy":"product_tag","embeddable":true,"href":"https:\/\/jadzio.pl\/sklep\/index.php\/wp-json\/wp\/v2\/product_tag?post=324"}],"curies":[{"name":"wp","href":"https:\/\/api.w.org\/{rel}","templated":true}]}}