{"id":851,"date":"2025-08-12T16:20:54","date_gmt":"2025-08-12T16:20:54","guid":{"rendered":"https:\/\/jadzio.pl\/sklep\/?post_type=product&#038;p=851"},"modified":"2025-08-12T16:20:55","modified_gmt":"2025-08-12T16:20:55","slug":"andrealphus-pride-pin","status":"publish","type":"product","link":"https:\/\/jadzio.pl\/sklep\/index.php\/produkt\/andrealphus-pride-pin\/","title":{"rendered":"Andrealphus Pride pin"},"content":{"rendered":"<p>Andrealphus Pride pin. Rozmiar: 50mm. Na akrylu znajduje si\u0119 ochronna warstwa plastikowa do odklejenia. Kolory mog\u0105 nieznacznie r\u00f3\u017cni\u0107 si\u0119 od kolor\u00f3w na ekranie. Nie jest to zabawka i nie jest odpowiednie dla dzieci.<\/p>\n<p>Je\u015bli jeste\u015b wielbicielem <a href=\"https:\/\/www.google.com\/search?q=helluva+boss&amp;sca_esv=d5e847b1dc31b2cb&amp;sxsrf=AE3TifNBWCkZWE_TJ5yWgiZI2t8evZ9zgw%3A1754409244296&amp;ei=HCmSaIDjEbyEwPAP_7-i4QI&amp;gs_ssp=eJzj4tVP1zc0zEnPLjeuyC42YPTiyUjNySktS1RIyi8uBgCLdQnM&amp;oq=hel&amp;gs_lp=Egxnd3Mtd2l6LXNlcnAiA2hlbCoCCAEyChAjGIAEGCcYigUyChAuGIAEGCcYigUyEBAjGPAFGIAEGCcYyQIYigUyDBAjGIAEGBMYJxiKBTITEC4YgAQYsQMY0QMYQxjHARiKBTIKEAAYgAQYQxiKBTIREC4YgAQYsQMYxwEYjgUYrwEyChAAGIAEGEMYigUyChAAGIAEGEMYigUyChAAGIAEGEMYigUyFxAuGIAEGIoFGJcFGNwEGN4EGOAE2AEBSMIrUIUJWOQMcAJ4AJABAJgBd6ABnQOqAQMxLjO4AQPIAQD4AQGYAgagAq8hwgINECMY8AUYsAMYJxjJAsICBxAjGLADGCfCAgcQLhiwAxgnwgIKEAAYsAMY1gQYR8ICDRAAGIAEGLADGEMYigXCAg4QABiwAxjkAhjWBNgBAcICExAuGIAEGLADGEMYyAMYigXYAQHCAhkQLhiABBiwAxjRAxhDGMcBGMgDGIoF2AEBwgINECMY8AUYgAQYJxiKBcICDRAjGIAEGCcYyQIYigXCAgoQLhiABBhDGIoFmAMAiAYBkAYTugYGCAEQARgJkgcHMi4zLjktMaAHy0eyBwMwLjO4B-gCwgcHMi01LjAuMcgHLA&amp;sclient=gws-wiz-serp\">Helluva Boss<\/a> polecamy Ci nasz\u0105 kategori\u0119 produkt\u00f3w powi\u0105zanych z t\u0105 tematyk\u0105: <a href=\"https:\/\/jadzio.pl\/sklep\/index.php\/kategoria-produktu\/katalog\/filmy-seriale-animowane\/helluva-boss\/\">Helluva Boss<\/a>.<\/p>\n<p>Lubisz piny? Zapraszam do eksploracji dzia\u0142u mojego Jadzio sklepu w kategorii: <a href=\"https:\/\/jadzio.pl\/sklep\/index.php\/kategoria-produktu\/katalog\/page\/2\/\">piny<\/a>.<\/p>\n","protected":false},"excerpt":{"rendered":"<p>Andrealphus Pride pin. Rozmiar: 50mm. Na akrylu znajduje si\u0119 ochronna warstwa plastikowa do odklejenia. Kolory mog\u0105 nieznacznie r\u00f3\u017cni\u0107 si\u0119 od kolor\u00f3w na ekranie. Nie jest to zabawka i nie jest odpowiednie dla dzieci. Je\u015bli jeste\u015b wielbicielem Helluva Boss polecamy Ci nasz\u0105 kategori\u0119 produkt\u00f3w powi\u0105zanych z t\u0105 tematyk\u0105: Helluva Boss. Lubisz piny? Zapraszam do eksploracji dzia\u0142u [&hellip;]<\/p>\n","protected":false},"featured_media":704,"template":"","meta":[],"product_brand":[],"product_cat":[35,61,23,53,54,90],"product_tag":[57,62,55,91],"class_list":{"0":"post-851","1":"product","2":"type-product","3":"status-publish","4":"has-post-thumbnail","6":"product_cat-filmy-seriale-animowane","7":"product_cat-helluva-boss","8":"product_cat-katalog","9":"product_cat-piny-odznaki-przypinki","10":"product_cat-piny-akrylowe","11":"product_cat-pride-katalog","12":"product_tag-akrylowy-pin","13":"product_tag-helluva-boss","14":"product_tag-pin","15":"product_tag-pride","17":"first","18":"instock","19":"shipping-taxable","20":"purchasable","21":"product-type-simple"},"yoast_head":"<!-- This site is optimized with the Yoast SEO plugin v27.4 - https:\/\/yoast.com\/product\/yoast-seo-wordpress\/ -->\n<title>Andrealphus Pride pin - Jadzio - sklep<\/title>\n<meta name=\"description\" content=\"Andrealphus Pride pin. Rozmiar: 50mm. Na akrylu znajduje si\u0119 ochronna warstwa plastikowa do odklejenia. Nie jest odpowiednie dla dzieci.\" \/>\n<meta name=\"robots\" content=\"index, follow, max-snippet:-1, max-image-preview:large, max-video-preview:-1\" \/>\n<link rel=\"canonical\" href=\"https:\/\/jadzio.pl\/sklep\/index.php\/produkt\/andrealphus-pride-pin\/\" \/>\n<meta property=\"og:locale\" content=\"pl_PL\" \/>\n<meta property=\"og:type\" content=\"article\" \/>\n<meta property=\"og:title\" content=\"Andrealphus Pride pin - Jadzio - sklep\" \/>\n<meta property=\"og:description\" content=\"Andrealphus Pride pin. Rozmiar: 50mm. Na akrylu znajduje si\u0119 ochronna warstwa plastikowa do odklejenia. Nie jest odpowiednie dla dzieci.\" \/>\n<meta property=\"og:url\" content=\"https:\/\/jadzio.pl\/sklep\/index.php\/produkt\/andrealphus-pride-pin\/\" \/>\n<meta property=\"og:site_name\" content=\"Jadzio - sklep\" \/>\n<meta property=\"article:modified_time\" content=\"2025-08-12T16:20:55+00:00\" \/>\n<meta property=\"og:image\" content=\"https:\/\/jadzio.pl\/sklep\/wp-content\/uploads\/2025\/08\/x17.jpg\" \/>\n\t<meta property=\"og:image:width\" content=\"787\" \/>\n\t<meta property=\"og:image:height\" content=\"787\" \/>\n\t<meta property=\"og:image:type\" content=\"image\/jpeg\" \/>\n<meta name=\"twitter:card\" content=\"summary_large_image\" \/>\n<meta name=\"twitter:label1\" content=\"Szacowany czas czytania\" \/>\n\t<meta name=\"twitter:data1\" content=\"1 minuta\" \/>\n<script type=\"application\/ld+json\" class=\"yoast-schema-graph\">{\"@context\":\"https:\\\/\\\/schema.org\",\"@graph\":[{\"@type\":\"WebPage\",\"@id\":\"https:\\\/\\\/jadzio.pl\\\/sklep\\\/index.php\\\/produkt\\\/andrealphus-pride-pin\\\/\",\"url\":\"https:\\\/\\\/jadzio.pl\\\/sklep\\\/index.php\\\/produkt\\\/andrealphus-pride-pin\\\/\",\"name\":\"Andrealphus Pride pin - Jadzio - sklep\",\"isPartOf\":{\"@id\":\"https:\\\/\\\/jadzio.pl\\\/sklep\\\/#website\"},\"primaryImageOfPage\":{\"@id\":\"https:\\\/\\\/jadzio.pl\\\/sklep\\\/index.php\\\/produkt\\\/andrealphus-pride-pin\\\/#primaryimage\"},\"image\":{\"@id\":\"https:\\\/\\\/jadzio.pl\\\/sklep\\\/index.php\\\/produkt\\\/andrealphus-pride-pin\\\/#primaryimage\"},\"thumbnailUrl\":\"https:\\\/\\\/jadzio.pl\\\/sklep\\\/wp-content\\\/uploads\\\/2025\\\/08\\\/x17.jpg\",\"datePublished\":\"2025-08-12T16:20:54+00:00\",\"dateModified\":\"2025-08-12T16:20:55+00:00\",\"description\":\"Andrealphus Pride pin. Rozmiar: 50mm. Na akrylu znajduje si\u0119 ochronna warstwa plastikowa do odklejenia. Nie jest odpowiednie dla dzieci.\",\"breadcrumb\":{\"@id\":\"https:\\\/\\\/jadzio.pl\\\/sklep\\\/index.php\\\/produkt\\\/andrealphus-pride-pin\\\/#breadcrumb\"},\"inLanguage\":\"pl-PL\",\"potentialAction\":[{\"@type\":\"ReadAction\",\"target\":[\"https:\\\/\\\/jadzio.pl\\\/sklep\\\/index.php\\\/produkt\\\/andrealphus-pride-pin\\\/\"]}]},{\"@type\":\"ImageObject\",\"inLanguage\":\"pl-PL\",\"@id\":\"https:\\\/\\\/jadzio.pl\\\/sklep\\\/index.php\\\/produkt\\\/andrealphus-pride-pin\\\/#primaryimage\",\"url\":\"https:\\\/\\\/jadzio.pl\\\/sklep\\\/wp-content\\\/uploads\\\/2025\\\/08\\\/x17.jpg\",\"contentUrl\":\"https:\\\/\\\/jadzio.pl\\\/sklep\\\/wp-content\\\/uploads\\\/2025\\\/08\\\/x17.jpg\",\"width\":787,\"height\":787,\"caption\":\"Andrealphus Pride pin\"},{\"@type\":\"BreadcrumbList\",\"@id\":\"https:\\\/\\\/jadzio.pl\\\/sklep\\\/index.php\\\/produkt\\\/andrealphus-pride-pin\\\/#breadcrumb\",\"itemListElement\":[{\"@type\":\"ListItem\",\"position\":1,\"name\":\"Strona g\u0142\u00f3wna\",\"item\":\"https:\\\/\\\/jadzio.pl\\\/sklep\\\/\"},{\"@type\":\"ListItem\",\"position\":2,\"name\":\"Produkty\",\"item\":\"https:\\\/\\\/jadzio.pl\\\/sklep\\\/index.php\\\/sklep\\\/\"},{\"@type\":\"ListItem\",\"position\":3,\"name\":\"Andrealphus Pride pin\"}]},{\"@type\":\"WebSite\",\"@id\":\"https:\\\/\\\/jadzio.pl\\\/sklep\\\/#website\",\"url\":\"https:\\\/\\\/jadzio.pl\\\/sklep\\\/\",\"name\":\"Jadzio - sklep\",\"description\":\"\",\"publisher\":{\"@id\":\"https:\\\/\\\/jadzio.pl\\\/sklep\\\/#organization\"},\"potentialAction\":[{\"@type\":\"SearchAction\",\"target\":{\"@type\":\"EntryPoint\",\"urlTemplate\":\"https:\\\/\\\/jadzio.pl\\\/sklep\\\/?s={search_term_string}\"},\"query-input\":{\"@type\":\"PropertyValueSpecification\",\"valueRequired\":true,\"valueName\":\"search_term_string\"}}],\"inLanguage\":\"pl-PL\"},{\"@type\":\"Organization\",\"@id\":\"https:\\\/\\\/jadzio.pl\\\/sklep\\\/#organization\",\"name\":\"Jadzio - sklep\",\"url\":\"https:\\\/\\\/jadzio.pl\\\/sklep\\\/\",\"logo\":{\"@type\":\"ImageObject\",\"inLanguage\":\"pl-PL\",\"@id\":\"https:\\\/\\\/jadzio.pl\\\/sklep\\\/#\\\/schema\\\/logo\\\/image\\\/\",\"url\":\"https:\\\/\\\/jadzio.pl\\\/sklep\\\/wp-content\\\/uploads\\\/2025\\\/07\\\/jadzio.png\",\"contentUrl\":\"https:\\\/\\\/jadzio.pl\\\/sklep\\\/wp-content\\\/uploads\\\/2025\\\/07\\\/jadzio.png\",\"width\":2000,\"height\":2000,\"caption\":\"Jadzio - sklep\"},\"image\":{\"@id\":\"https:\\\/\\\/jadzio.pl\\\/sklep\\\/#\\\/schema\\\/logo\\\/image\\\/\"}}]}<\/script>\n<!-- \/ Yoast SEO plugin. -->","yoast_head_json":{"title":"Andrealphus Pride pin - Jadzio - sklep","description":"Andrealphus Pride pin. Rozmiar: 50mm. Na akrylu znajduje si\u0119 ochronna warstwa plastikowa do odklejenia. Nie jest odpowiednie dla dzieci.","robots":{"index":"index","follow":"follow","max-snippet":"max-snippet:-1","max-image-preview":"max-image-preview:large","max-video-preview":"max-video-preview:-1"},"canonical":"https:\/\/jadzio.pl\/sklep\/index.php\/produkt\/andrealphus-pride-pin\/","og_locale":"pl_PL","og_type":"article","og_title":"Andrealphus Pride pin - Jadzio - sklep","og_description":"Andrealphus Pride pin. Rozmiar: 50mm. Na akrylu znajduje si\u0119 ochronna warstwa plastikowa do odklejenia. Nie jest odpowiednie dla dzieci.","og_url":"https:\/\/jadzio.pl\/sklep\/index.php\/produkt\/andrealphus-pride-pin\/","og_site_name":"Jadzio - sklep","article_modified_time":"2025-08-12T16:20:55+00:00","og_image":[{"width":787,"height":787,"url":"https:\/\/jadzio.pl\/sklep\/wp-content\/uploads\/2025\/08\/x17.jpg","type":"image\/jpeg"}],"twitter_card":"summary_large_image","twitter_misc":{"Szacowany czas czytania":"1 minuta"},"schema":{"@context":"https:\/\/schema.org","@graph":[{"@type":"WebPage","@id":"https:\/\/jadzio.pl\/sklep\/index.php\/produkt\/andrealphus-pride-pin\/","url":"https:\/\/jadzio.pl\/sklep\/index.php\/produkt\/andrealphus-pride-pin\/","name":"Andrealphus Pride pin - Jadzio - sklep","isPartOf":{"@id":"https:\/\/jadzio.pl\/sklep\/#website"},"primaryImageOfPage":{"@id":"https:\/\/jadzio.pl\/sklep\/index.php\/produkt\/andrealphus-pride-pin\/#primaryimage"},"image":{"@id":"https:\/\/jadzio.pl\/sklep\/index.php\/produkt\/andrealphus-pride-pin\/#primaryimage"},"thumbnailUrl":"https:\/\/jadzio.pl\/sklep\/wp-content\/uploads\/2025\/08\/x17.jpg","datePublished":"2025-08-12T16:20:54+00:00","dateModified":"2025-08-12T16:20:55+00:00","description":"Andrealphus Pride pin. Rozmiar: 50mm. Na akrylu znajduje si\u0119 ochronna warstwa plastikowa do odklejenia. Nie jest odpowiednie dla dzieci.","breadcrumb":{"@id":"https:\/\/jadzio.pl\/sklep\/index.php\/produkt\/andrealphus-pride-pin\/#breadcrumb"},"inLanguage":"pl-PL","potentialAction":[{"@type":"ReadAction","target":["https:\/\/jadzio.pl\/sklep\/index.php\/produkt\/andrealphus-pride-pin\/"]}]},{"@type":"ImageObject","inLanguage":"pl-PL","@id":"https:\/\/jadzio.pl\/sklep\/index.php\/produkt\/andrealphus-pride-pin\/#primaryimage","url":"https:\/\/jadzio.pl\/sklep\/wp-content\/uploads\/2025\/08\/x17.jpg","contentUrl":"https:\/\/jadzio.pl\/sklep\/wp-content\/uploads\/2025\/08\/x17.jpg","width":787,"height":787,"caption":"Andrealphus Pride pin"},{"@type":"BreadcrumbList","@id":"https:\/\/jadzio.pl\/sklep\/index.php\/produkt\/andrealphus-pride-pin\/#breadcrumb","itemListElement":[{"@type":"ListItem","position":1,"name":"Strona g\u0142\u00f3wna","item":"https:\/\/jadzio.pl\/sklep\/"},{"@type":"ListItem","position":2,"name":"Produkty","item":"https:\/\/jadzio.pl\/sklep\/index.php\/sklep\/"},{"@type":"ListItem","position":3,"name":"Andrealphus Pride pin"}]},{"@type":"WebSite","@id":"https:\/\/jadzio.pl\/sklep\/#website","url":"https:\/\/jadzio.pl\/sklep\/","name":"Jadzio - sklep","description":"","publisher":{"@id":"https:\/\/jadzio.pl\/sklep\/#organization"},"potentialAction":[{"@type":"SearchAction","target":{"@type":"EntryPoint","urlTemplate":"https:\/\/jadzio.pl\/sklep\/?s={search_term_string}"},"query-input":{"@type":"PropertyValueSpecification","valueRequired":true,"valueName":"search_term_string"}}],"inLanguage":"pl-PL"},{"@type":"Organization","@id":"https:\/\/jadzio.pl\/sklep\/#organization","name":"Jadzio - sklep","url":"https:\/\/jadzio.pl\/sklep\/","logo":{"@type":"ImageObject","inLanguage":"pl-PL","@id":"https:\/\/jadzio.pl\/sklep\/#\/schema\/logo\/image\/","url":"https:\/\/jadzio.pl\/sklep\/wp-content\/uploads\/2025\/07\/jadzio.png","contentUrl":"https:\/\/jadzio.pl\/sklep\/wp-content\/uploads\/2025\/07\/jadzio.png","width":2000,"height":2000,"caption":"Jadzio - sklep"},"image":{"@id":"https:\/\/jadzio.pl\/sklep\/#\/schema\/logo\/image\/"}}]}},"_links":{"self":[{"href":"https:\/\/jadzio.pl\/sklep\/index.php\/wp-json\/wp\/v2\/product\/851","targetHints":{"allow":["GET"]}}],"collection":[{"href":"https:\/\/jadzio.pl\/sklep\/index.php\/wp-json\/wp\/v2\/product"}],"about":[{"href":"https:\/\/jadzio.pl\/sklep\/index.php\/wp-json\/wp\/v2\/types\/product"}],"wp:featuredmedia":[{"embeddable":true,"href":"https:\/\/jadzio.pl\/sklep\/index.php\/wp-json\/wp\/v2\/media\/704"}],"wp:attachment":[{"href":"https:\/\/jadzio.pl\/sklep\/index.php\/wp-json\/wp\/v2\/media?parent=851"}],"wp:term":[{"taxonomy":"product_brand","embeddable":true,"href":"https:\/\/jadzio.pl\/sklep\/index.php\/wp-json\/wp\/v2\/product_brand?post=851"},{"taxonomy":"product_cat","embeddable":true,"href":"https:\/\/jadzio.pl\/sklep\/index.php\/wp-json\/wp\/v2\/product_cat?post=851"},{"taxonomy":"product_tag","embeddable":true,"href":"https:\/\/jadzio.pl\/sklep\/index.php\/wp-json\/wp\/v2\/product_tag?post=851"}],"curies":[{"name":"wp","href":"https:\/\/api.w.org\/{rel}","templated":true}]}}